{"id":6966,"date":"2025-09-23T13:38:57","date_gmt":"2025-09-23T17:38:57","guid":{"rendered":"https:\/\/parevolvo.com\/isuzu-copy\/"},"modified":"2025-10-07T09:39:05","modified_gmt":"2025-10-07T13:39:05","slug":"financement","status":"publish","type":"page","link":"https:\/\/parevolvo.com\/fr\/financement\/","title":{"rendered":"Financement"},"content":{"rendered":"<!--themify_builder_content-->\n<div id=\"themify_builder_content-6966\" data-postid=\"6966\" class=\"themify_builder_content themify_builder_content-6966 themify_builder tf_clear\">\n                    <div  data-parallax-bg=\"desktop\" data-css_id=\"n93v909\" data-lazy=\"1\" class=\"module_row themify_builder_row fullwidth tb_n93v909 tb_first tf_w\">\n                        <div class=\"row_inner col_align_top tb_col_count_1 tf_box tf_rel\">\n                        <div  data-lazy=\"1\" class=\"module_column tb-column col-full tb_ad4y770 first\">\n                            <div  data-lazy=\"1\" class=\"module_subrow themify_builder_sub_row tf_w col_align_top tb_col_count_1 tb_gmel939\">\n                <div  data-lazy=\"1\" class=\"module_column sub_column col-full tb_b1r3271 first\">\n                    <!-- module text -->\n<div  class=\"module module-text tb_ai9h333   \" data-lazy=\"1\">\n        <div  class=\"tb_text_wrap\">\n        <h1>FINANCEMENT<\/h1>    <\/div>\n<\/div>\n<!-- \/module text --><!-- module text -->\n<div  class=\"module module-text tb_v875797   \" data-lazy=\"1\">\n        <div  class=\"tb_text_wrap\">\n        <h2><span style=\"color: #ffffff;\">En route vers la bonne solution financi\u00e8re<\/span><\/h2>    <\/div>\n<\/div>\n<!-- \/module text -->        <\/div>\n                    <\/div>\n                <\/div>\n                        <\/div>\n        <\/div>\n                        <div  data-lazy=\"1\" class=\"module_row themify_builder_row tb_aa8g71 tf_w\">\n                        <div class=\"row_inner col_align_top tb_col_count_1 tf_box tf_rel\">\n                        <div  data-lazy=\"1\" class=\"module_column tb-column col-full tb_81ac71 first\">\n                            <div  data-lazy=\"1\" class=\"module_subrow themify_builder_sub_row tf_w col_align_middle gutter-none tb_col_count_2 tb_d1zd71\">\n                <div  data-lazy=\"1\" class=\"module_column sub_column col4-2 tb_ykxc72 first\">\n                    <!-- module text -->\n<div  class=\"module module-text tb_tgaq72   \" data-lazy=\"1\">\n        <div  class=\"tb_text_wrap\">\n        <p style=\"text-align: left;\">Chez <strong data-start=\"311\" data-end=\"336\">Par\u00e9 Centre du Camion<\/strong>, on vous accompagne du choix du camion\u2026 jusqu\u2019\u00e0 la cl\u00e9 en main du financement. Notre \u00e9quipe \u00e9value rapidement votre situation, compare les options et n\u00e9gocie pour vous des conditions avantageuses \u2014 sans casse-t\u00eate.<\/p>    <\/div>\n<\/div>\n<!-- \/module text --><!-- module text -->\n<div  class=\"module module-text tb_c68q995   \" data-lazy=\"1\">\n        <div  class=\"tb_text_wrap\">\n        <ul>\n<li><strong>Un seul point de contact :<\/strong> votre conseill\u00e8re \/ conseiller Par\u00e9 coordonne tout<\/li>\n<li><strong>Acc\u00e8s \u00e0 plusieurs institutions<\/strong> (banques, partenaires sp\u00e9cialis\u00e9s, programmes manufacturiers)<\/li>\n<li><strong>D\u00e9cisions rapides<\/strong> et processus simplifi\u00e9<\/li>\n<li><strong>Solutions adapt\u00e9es<\/strong> aux r\u00e9alit\u00e9s du transport (flotte, propri\u00e9taire-exploitant, PME, municipal, etc.)<\/li>\n<\/ul>    <\/div>\n<\/div>\n<!-- \/module text -->        <\/div>\n                    <div  data-lazy=\"1\" class=\"module_column sub_column col4-2 tb_byom72 last\">\n                    <!-- module text -->\n<div  class=\"module module-text tb_rbbx78   \" data-lazy=\"1\">\n        <div  class=\"tb_text_wrap\">\n        <h1><span style=\"color: #ffffff;\">NOS SOLUTIONS<\/span><\/h1>\n    <\/div>\n<\/div>\n<!-- \/module text --><!-- module icon -->\n<div  class=\"module module-icon tb_h2q1161  xlarge  icon_vertical tf_textc\" data-lazy=\"1\">\n            <div class=\"module-icon-item\">\n                                                                <em class=\"tf_box\" style=\"background-color:#174597;color:#ffffff\"><svg  class=\"tf_fa tf-fas-angles-down\" aria-hidden=\"true\"><use href=\"#tf-fas-angles-down\"><\/use><\/svg><\/em>\n                                                                            <span>Icon label<\/span>\n                                                            <\/div>\n    <\/div>\n<!-- \/module icon -->\n        <\/div>\n                    <\/div>\n                <\/div>\n                        <\/div>\n        <\/div>\n                        <div  data-lazy=\"1\" class=\"module_row themify_builder_row tb_q5pc107 tf_w\">\n                        <div class=\"row_inner col_align_top tb_col_count_1 tf_box tf_rel\">\n                        <div  data-lazy=\"1\" class=\"module_column tb-column col-full tb_5u9d108 first\">\n                            <div  data-lazy=\"1\" class=\"module_subrow themify_builder_sub_row tf_w col_align_top tb_col_count_2 tb_87ml108\">\n                <div  data-lazy=\"1\" class=\"module_column sub_column col4-2 tb_97wa108 first\">\n                    <!-- module text -->\n<div  class=\"module module-text tb_1e0j109   \" data-lazy=\"1\">\n        <div  class=\"tb_text_wrap\">\n        <h3><span style=\"color: #ffffff;\">FINANCEMENT<\/span><\/h3>    <\/div>\n<\/div>\n<!-- \/module text --><!-- module text -->\n<div  class=\"module module-text tb_tnpy89   \" data-lazy=\"1\">\n        <div  class=\"tb_text_wrap\">\n        <h3><strong>OPTIONS ENTRE ACHAT OU CR\u00c9DIT-BAIL<\/strong><\/h3>\n<ul>\n<li style=\"text-align: left;\"><strong data-start=\"984\" data-end=\"1000\">Id\u00e9al pour :<\/strong> Camions, remorques et tout \u00e9quipement \u00e0 usage commercial (neuf ou usag\u00e9)<\/li>\n<li style=\"text-align: left;\"><strong>Avantages communs :<\/strong>\n<ul>\n<li>Optimisation fiscale selon la structure de votre entreprise.\u00a0<\/li>\n<li style=\"text-align: left;\">Processus simple et rapide.\u00a0<\/li>\n<li style=\"text-align: left;\">Acc\u00e8s \u00e0 plusieurs institutions financi\u00e8res<\/li>\n<\/ul>\n<\/li>\n<li style=\"text-align: left;\">\n<p data-start=\"489\" data-end=\"520\"><strong data-start=\"489\" data-end=\"518\">Diff\u00e9rences principales :<\/strong><\/p>\n<ul data-start=\"521\" data-end=\"677\">\n<li data-start=\"521\" data-end=\"618\">\n<p data-start=\"523\" data-end=\"618\"><strong data-start=\"523\" data-end=\"546\">Financement (achat)<\/strong> : vous payez les taxes compl\u00e8tes du v\u00e9hicule \u00e0 la prise de possession<\/p>\n<\/li>\n<li data-start=\"521\" data-end=\"618\">\n<p data-start=\"523\" data-end=\"618\"><strong data-start=\"621\" data-end=\"636\">Cr\u00e9dit-bail<\/strong> : seules les mensualit\u00e9s sont taxables<\/p>\n<\/li>\n<\/ul>\n<\/li>\n<\/ul>    <\/div>\n<\/div>\n<!-- \/module text -->        <\/div>\n                    <div  data-lazy=\"1\" class=\"module_column sub_column col4-2 tb_78yq668 last\">\n                    <!-- module text -->\n<div  class=\"module module-text tb_bh87674   \" data-lazy=\"1\">\n        <div  class=\"tb_text_wrap\">\n        <h3>Refinancement<\/h3>\n    <\/div>\n<\/div>\n<!-- \/module text --><!-- module text -->\n<div  class=\"module module-text tb_t3m6668   \" data-lazy=\"1\">\n        <div  class=\"tb_text_wrap\">\n        <ul>\n<li style=\"text-align: left;\"><strong data-start=\"1547\" data-end=\"1563\">Id\u00e9al pour : <\/strong>\n<ul>\n<li style=\"text-align: left;\">All\u00e9ger vos paiements ou rallonger le terme.<\/li>\n<li style=\"text-align: left;\">Lib\u00e9rer des liquidit\u00e9s pour vos op\u00e9rations courantes.<\/li>\n<li style=\"text-align: left;\"><strong data-start=\"828\" data-end=\"887\">Effet de levier pour la r\u00e9alisation de nouveaux projets.<\/strong><\/li>\n<li style=\"text-align: left;\">Constituer ou compl\u00e9ter un <strong data-start=\"919\" data-end=\"932\">cash down<\/strong> pour un nouvel achat<\/li>\n<\/ul>\n<\/li>\n<li style=\"text-align: left;\">\n<p data-start=\"957\" data-end=\"974\"><strong data-start=\"957\" data-end=\"972\">Avantages :<\/strong><\/p>\n<ul data-start=\"975\" data-end=\"1073\">\n<li data-start=\"975\" data-end=\"1003\">\n<p data-start=\"977\" data-end=\"1003\">Optimisation du cashflow<\/p>\n<\/li>\n<li data-start=\"1004\" data-end=\"1073\">\n<p data-start=\"1006\" data-end=\"1073\">Possibilit\u00e9 d\u2019inclure des am\u00e9liorations m\u00e9caniques ou esth\u00e9tiques<\/p>\n<\/li>\n<\/ul>\n<\/li>\n<\/ul>    <\/div>\n<\/div>\n<!-- \/module text -->        <\/div>\n                    <\/div>\n                <div  data-lazy=\"1\" class=\"module_subrow themify_builder_sub_row tf_w col_align_top tb_col_count_2 tb_ceef426\">\n                <div  data-lazy=\"1\" class=\"module_column sub_column col4-2 tb_v6zh426 first\">\n                    <!-- module text -->\n<div  class=\"module module-text tb_zwsa87   \" data-lazy=\"1\">\n        <div  class=\"tb_text_wrap\">\n        <h3>Vente d\u2019accommodation<\/h3>    <\/div>\n<\/div>\n<!-- \/module text --><!-- module text -->\n<div  class=\"module module-text tb_ijho426   \" data-lazy=\"1\">\n        <div  class=\"tb_text_wrap\">\n        <ul>\n<li style=\"text-align: left;\"><strong data-start=\"1831\" data-end=\"1847\">Id\u00e9al pour :<\/strong>\n<ul>\n<li style=\"text-align: left;\">Faciliter une transaction entre un <strong data-start=\"1883\" data-end=\"1909\">vendeur et un acheteur<\/strong> (tiers) en profitant de notre r\u00e9seau de pr\u00eateurs et de nos processus s\u00e9curis\u00e9s.<\/li>\n<\/ul>\n<\/li>\n<li style=\"text-align: left;\"><strong data-start=\"1992\" data-end=\"2007\">Avantages :<\/strong>\n<ul>\n<li style=\"text-align: left;\">Validation documentaire, accompagnement juridique\/administratif<\/li>\n<li style=\"text-align: left;\">Financement structur\u00e9, r\u00e9duction des risques pour les deux parties.<\/li>\n<\/ul>\n<\/li>\n<\/ul>    <\/div>\n<\/div>\n<!-- \/module text -->        <\/div>\n                    <div  data-lazy=\"1\" class=\"module_column sub_column col4-2 tb_rmuu426 last\">\n                    <!-- module text -->\n<div  class=\"module module-text tb_2ptz30   \" data-lazy=\"1\">\n        <div  class=\"tb_text_wrap\">\n        <h3>Pr\u00eat de fonds de roulement<\/h3>\n    <\/div>\n<\/div>\n<!-- \/module text --><!-- module text -->\n<div  class=\"module module-text tb_spgj426   \" data-lazy=\"1\">\n        <div  class=\"tb_text_wrap\">\n        <ul>\n<li style=\"text-align: left;\" data-start=\"1111\" data-end=\"1129\"><strong data-start=\"1111\" data-end=\"1127\">Id\u00e9al pour :<\/strong>\n<ul>\n<li data-start=\"1130\" data-end=\"1213\">\n<p data-start=\"1132\" data-end=\"1213\">Constituer la <strong data-start=\"1146\" data-end=\"1175\">mise de fonds (cash down)<\/strong> n\u00e9cessaire pour l\u2019achat d\u2019un camion<\/p>\n<\/li>\n<li data-start=\"1214\" data-end=\"1297\">\n<p data-start=\"1216\" data-end=\"1297\">Couvrir les besoins en <strong data-start=\"1239\" data-end=\"1295\">carburant, pneus, r\u00e9parations ou impr\u00e9vus m\u00e9caniques<\/strong><\/p>\n<\/li>\n<\/ul>\n<\/li>\n<li style=\"text-align: left;\" data-start=\"1299\" data-end=\"1316\"><strong data-start=\"1299\" data-end=\"1314\">Avantages :<\/strong>\n<ul>\n<li style=\"text-align: left;\" data-start=\"1319\" data-end=\"1353\">Tr\u00e9sorerie disponible rapidement<\/li>\n<li style=\"text-align: left;\" data-start=\"1356\" data-end=\"1386\">D\u00e9lais de traitement rapides<\/li>\n<\/ul>\n<\/li>\n<\/ul>    <\/div>\n<\/div>\n<!-- \/module text -->        <\/div>\n                    <\/div>\n                <div  data-lazy=\"1\" class=\"module_subrow themify_builder_sub_row tf_w col_align_top gutter-none tb_col_count_2 tb_zpa0103\">\n                <div  data-lazy=\"1\" class=\"module_column sub_column col4-2 tb_nbdw103 first\">\n                            <\/div>\n                    <div  data-lazy=\"1\" class=\"module_column sub_column col4-2 tb_ngyk68 last\">\n                    <!-- module text -->\n<div  class=\"module module-text tb_qo4682   \" data-lazy=\"1\">\n        <div  class=\"tb_text_wrap\">\n        <h1 style=\"text-align: left;\"><span style=\"color: #ffffff;\">CAROLINE BORNAIS<\/span><\/h1>\n<h3 style=\"text-align: left;\"><span class=\"a_GcMg font-feature-liga-off font-feature-clig-off font-feature-calt-off text-decoration-none text-strikethrough-none\" style=\"color: #ffffff;\">Coordonnatrice Financement<\/span><\/h3>\n<p><span style=\"color: #ffffff;\"><span style=\"font-weight: bold;\">C<\/span> 418 951-5522<\/span><br><span style=\"color: #ffffff;\"><span style=\"font-weight: bold;\">T <\/span>418 833-1601, poste 1249<\/span><br><a href=\"mailto:caroline.bornais@parevolvo.com\"><span style=\"color: #ffffff;\">caroline.bornais@parevolvo.com<\/span><\/a><\/p>    <\/div>\n<\/div>\n<!-- \/module text -->        <\/div>\n                    <\/div>\n                <\/div>\n                        <\/div>\n        <\/div>\n        <\/div>\n<!--\/themify_builder_content-->","protected":false},"excerpt":{"rendered":"<p>FINANCEMENT<\/p>\n","protected":false},"author":4,"featured_media":0,"parent":0,"menu_order":0,"comment_status":"closed","ping_status":"closed","template":"","meta":{"_acf_changed":false,"footnotes":""},"class_list":["post-6966","page","type-page","status-publish","hentry","has-post-title","has-post-date","has-post-category","has-post-tag","has-post-comment","has-post-author",""],"acf":[],"yoast_head":"<!-- This site is optimized with the Yoast SEO plugin v26.6 - https:\/\/yoast.com\/wordpress\/plugins\/seo\/ -->\n<title>Financement - Par\u00e9 Centre du Camion<\/title>\n<meta name=\"robots\" content=\"index, follow, max-snippet:-1, max-image-preview:large, max-video-preview:-1\" \/>\n<link rel=\"canonical\" href=\"https:\/\/parevolvo.com\/fr\/financement\/\" \/>\n<meta property=\"og:locale\" content=\"fr_FR\" \/>\n<meta property=\"og:type\" content=\"article\" \/>\n<meta property=\"og:title\" content=\"Financement - Par\u00e9 Centre du Camion\" \/>\n<meta property=\"og:description\" content=\"FINANCEMENT\" \/>\n<meta property=\"og:url\" content=\"https:\/\/parevolvo.com\/fr\/financement\/\" \/>\n<meta property=\"og:site_name\" content=\"Par\u00e9 Centre du Camion\" \/>\n<meta property=\"article:publisher\" content=\"https:\/\/www.facebook.com\/pare.volvoisuzu\" \/>\n<meta property=\"article:modified_time\" content=\"2025-10-07T13:39:05+00:00\" \/>\n<meta name=\"twitter:card\" content=\"summary_large_image\" \/>\n<meta name=\"twitter:label1\" content=\"Dur\u00e9e de lecture estim\u00e9e\" \/>\n\t<meta name=\"twitter:data1\" content=\"3 minutes\" \/>\n<script type=\"application\/ld+json\" class=\"yoast-schema-graph\">{\"@context\":\"https:\/\/schema.org\",\"@graph\":[{\"@type\":\"WebPage\",\"@id\":\"https:\/\/parevolvo.com\/fr\/financement\/\",\"url\":\"https:\/\/parevolvo.com\/fr\/financement\/\",\"name\":\"Financement - Par\u00e9 Centre du Camion\",\"isPartOf\":{\"@id\":\"https:\/\/parevolvo.com\/francais\/#website\"},\"datePublished\":\"2025-09-23T17:38:57+00:00\",\"dateModified\":\"2025-10-07T13:39:05+00:00\",\"breadcrumb\":{\"@id\":\"https:\/\/parevolvo.com\/fr\/financement\/#breadcrumb\"},\"inLanguage\":\"fr-FR\",\"potentialAction\":[{\"@type\":\"ReadAction\",\"target\":[\"https:\/\/parevolvo.com\/fr\/financement\/\"]}]},{\"@type\":\"BreadcrumbList\",\"@id\":\"https:\/\/parevolvo.com\/fr\/financement\/#breadcrumb\",\"itemListElement\":[{\"@type\":\"ListItem\",\"position\":1,\"name\":\"Accueil\",\"item\":\"https:\/\/parevolvo.com\/fr\/\"},{\"@type\":\"ListItem\",\"position\":2,\"name\":\"Financement\"}]},{\"@type\":\"WebSite\",\"@id\":\"https:\/\/parevolvo.com\/francais\/#website\",\"url\":\"https:\/\/parevolvo.com\/francais\/\",\"name\":\"Par\u00e9 Centre du Camion\",\"description\":\"1 888 833-5388\",\"publisher\":{\"@id\":\"https:\/\/parevolvo.com\/francais\/#organization\"},\"potentialAction\":[{\"@type\":\"SearchAction\",\"target\":{\"@type\":\"EntryPoint\",\"urlTemplate\":\"https:\/\/parevolvo.com\/francais\/?s={search_term_string}\"},\"query-input\":{\"@type\":\"PropertyValueSpecification\",\"valueRequired\":true,\"valueName\":\"search_term_string\"}}],\"inLanguage\":\"fr-FR\"},{\"@type\":\"Organization\",\"@id\":\"https:\/\/parevolvo.com\/francais\/#organization\",\"name\":\"Par\u00e9 Centre du Camion\",\"url\":\"https:\/\/parevolvo.com\/francais\/\",\"logo\":{\"@type\":\"ImageObject\",\"inLanguage\":\"fr-FR\",\"@id\":\"https:\/\/parevolvo.com\/francais\/#\/schema\/logo\/image\/\",\"url\":\"https:\/\/parevolvo.com\/wp-content\/uploads\/2022\/04\/Logo-Pare-Header-e1651006453327.png\",\"contentUrl\":\"https:\/\/parevolvo.com\/wp-content\/uploads\/2022\/04\/Logo-Pare-Header-e1651006453327.png\",\"width\":250,\"height\":135,\"caption\":\"Par\u00e9 Centre du Camion\"},\"image\":{\"@id\":\"https:\/\/parevolvo.com\/francais\/#\/schema\/logo\/image\/\"},\"sameAs\":[\"https:\/\/www.facebook.com\/pare.volvoisuzu\"]}]}<\/script>\n<!-- \/ Yoast SEO plugin. -->","yoast_head_json":{"title":"Financement - Par\u00e9 Centre du Camion","robots":{"index":"index","follow":"follow","max-snippet":"max-snippet:-1","max-image-preview":"max-image-preview:large","max-video-preview":"max-video-preview:-1"},"canonical":"https:\/\/parevolvo.com\/fr\/financement\/","og_locale":"fr_FR","og_type":"article","og_title":"Financement - Par\u00e9 Centre du Camion","og_description":"FINANCEMENT","og_url":"https:\/\/parevolvo.com\/fr\/financement\/","og_site_name":"Par\u00e9 Centre du Camion","article_publisher":"https:\/\/www.facebook.com\/pare.volvoisuzu","article_modified_time":"2025-10-07T13:39:05+00:00","twitter_card":"summary_large_image","twitter_misc":{"Dur\u00e9e de lecture estim\u00e9e":"3 minutes"},"schema":{"@context":"https:\/\/schema.org","@graph":[{"@type":"WebPage","@id":"https:\/\/parevolvo.com\/fr\/financement\/","url":"https:\/\/parevolvo.com\/fr\/financement\/","name":"Financement - Par\u00e9 Centre du Camion","isPartOf":{"@id":"https:\/\/parevolvo.com\/francais\/#website"},"datePublished":"2025-09-23T17:38:57+00:00","dateModified":"2025-10-07T13:39:05+00:00","breadcrumb":{"@id":"https:\/\/parevolvo.com\/fr\/financement\/#breadcrumb"},"inLanguage":"fr-FR","potentialAction":[{"@type":"ReadAction","target":["https:\/\/parevolvo.com\/fr\/financement\/"]}]},{"@type":"BreadcrumbList","@id":"https:\/\/parevolvo.com\/fr\/financement\/#breadcrumb","itemListElement":[{"@type":"ListItem","position":1,"name":"Accueil","item":"https:\/\/parevolvo.com\/fr\/"},{"@type":"ListItem","position":2,"name":"Financement"}]},{"@type":"WebSite","@id":"https:\/\/parevolvo.com\/francais\/#website","url":"https:\/\/parevolvo.com\/francais\/","name":"Par\u00e9 Centre du Camion","description":"1 888 833-5388","publisher":{"@id":"https:\/\/parevolvo.com\/francais\/#organization"},"potentialAction":[{"@type":"SearchAction","target":{"@type":"EntryPoint","urlTemplate":"https:\/\/parevolvo.com\/francais\/?s={search_term_string}"},"query-input":{"@type":"PropertyValueSpecification","valueRequired":true,"valueName":"search_term_string"}}],"inLanguage":"fr-FR"},{"@type":"Organization","@id":"https:\/\/parevolvo.com\/francais\/#organization","name":"Par\u00e9 Centre du Camion","url":"https:\/\/parevolvo.com\/francais\/","logo":{"@type":"ImageObject","inLanguage":"fr-FR","@id":"https:\/\/parevolvo.com\/francais\/#\/schema\/logo\/image\/","url":"https:\/\/parevolvo.com\/wp-content\/uploads\/2022\/04\/Logo-Pare-Header-e1651006453327.png","contentUrl":"https:\/\/parevolvo.com\/wp-content\/uploads\/2022\/04\/Logo-Pare-Header-e1651006453327.png","width":250,"height":135,"caption":"Par\u00e9 Centre du Camion"},"image":{"@id":"https:\/\/parevolvo.com\/francais\/#\/schema\/logo\/image\/"},"sameAs":["https:\/\/www.facebook.com\/pare.volvoisuzu"]}]}},"jetpack_sharing_enabled":true,"builder_content":"<h1>FINANCEMENT<\/h1>\n<h2>En route vers la bonne solution financi\u00e8re<\/h2>\n<p style=\"text-align: left;\">Chez <strong data-start=\"311\" data-end=\"336\">Par\u00e9 Centre du Camion<\/strong>, on vous accompagne du choix du camion\u2026 jusqu\u2019\u00e0 la cl\u00e9 en main du financement. Notre \u00e9quipe \u00e9value rapidement votre situation, compare les options et n\u00e9gocie pour vous des conditions avantageuses \u2014 sans casse-t\u00eate.<\/p>\n<ul> <li><strong>Un seul point de contact :<\/strong> votre conseill\u00e8re \/ conseiller Par\u00e9 coordonne tout<\/li> <li><strong>Acc\u00e8s \u00e0 plusieurs institutions<\/strong> (banques, partenaires sp\u00e9cialis\u00e9s, programmes manufacturiers)<\/li> <li><strong>D\u00e9cisions rapides<\/strong> et processus simplifi\u00e9<\/li> <li><strong>Solutions adapt\u00e9es<\/strong> aux r\u00e9alit\u00e9s du transport (flotte, propri\u00e9taire-exploitant, PME, municipal, etc.)<\/li> <\/ul>\n<h1>NOS SOLUTIONS<\/h1>\n<em style=\"background-color:#174597;color:#ffffff\"><svg aria-hidden=\"true\"><use href=\"#tf-fas-angles-down\"><\/use><\/svg><\/em> Icon label\n<h3>FINANCEMENT<\/h3>\n<h3><strong>OPTIONS ENTRE ACHAT OU CR\u00c9DIT-BAIL<\/strong><\/h3> <ul> <li style=\"text-align: left;\"><strong data-start=\"984\" data-end=\"1000\">Id\u00e9al pour :<\/strong> Camions, remorques et tout \u00e9quipement \u00e0 usage commercial (neuf ou usag\u00e9)<\/li> <li style=\"text-align: left;\"><strong>Avantages communs :<\/strong> <ul> <li>Optimisation fiscale selon la structure de votre entreprise.\u00a0<\/li> <li style=\"text-align: left;\">Processus simple et rapide.\u00a0<\/li> <li style=\"text-align: left;\">Acc\u00e8s \u00e0 plusieurs institutions financi\u00e8res<\/li> <\/ul> <\/li> <li style=\"text-align: left;\"> <p data-start=\"489\" data-end=\"520\"><strong data-start=\"489\" data-end=\"518\">Diff\u00e9rences principales :<\/strong><\/p> <ul data-start=\"521\" data-end=\"677\"> <li data-start=\"521\" data-end=\"618\"> <p data-start=\"523\" data-end=\"618\"><strong data-start=\"523\" data-end=\"546\">Financement (achat)<\/strong> : vous payez les taxes compl\u00e8tes du v\u00e9hicule \u00e0 la prise de possession<\/p> <\/li> <li data-start=\"521\" data-end=\"618\"> <p data-start=\"523\" data-end=\"618\"><strong data-start=\"621\" data-end=\"636\">Cr\u00e9dit-bail<\/strong> : seules les mensualit\u00e9s sont taxables<\/p> <\/li> <\/ul> <\/li> <\/ul>\n<h3>Refinancement<\/h3>\n<ul> <li style=\"text-align: left;\"><strong data-start=\"1547\" data-end=\"1563\">Id\u00e9al pour : <\/strong> <ul> <li style=\"text-align: left;\">All\u00e9ger vos paiements ou rallonger le terme.<\/li> <li style=\"text-align: left;\">Lib\u00e9rer des liquidit\u00e9s pour vos op\u00e9rations courantes.<\/li> <li style=\"text-align: left;\"><strong data-start=\"828\" data-end=\"887\">Effet de levier pour la r\u00e9alisation de nouveaux projets.<\/strong><\/li> <li style=\"text-align: left;\">Constituer ou compl\u00e9ter un <strong data-start=\"919\" data-end=\"932\">cash down<\/strong> pour un nouvel achat<\/li> <\/ul> <\/li> <li style=\"text-align: left;\"> <p data-start=\"957\" data-end=\"974\"><strong data-start=\"957\" data-end=\"972\">Avantages :<\/strong><\/p> <ul data-start=\"975\" data-end=\"1073\"> <li data-start=\"975\" data-end=\"1003\"> <p data-start=\"977\" data-end=\"1003\">Optimisation du cashflow<\/p> <\/li> <li data-start=\"1004\" data-end=\"1073\"> <p data-start=\"1006\" data-end=\"1073\">Possibilit\u00e9 d\u2019inclure des am\u00e9liorations m\u00e9caniques ou esth\u00e9tiques<\/p> <\/li> <\/ul> <\/li> <\/ul>\n<h3>Vente d\u2019accommodation<\/h3>\n<ul> <li style=\"text-align: left;\"><strong data-start=\"1831\" data-end=\"1847\">Id\u00e9al pour :<\/strong> <ul> <li style=\"text-align: left;\">Faciliter une transaction entre un <strong data-start=\"1883\" data-end=\"1909\">vendeur et un acheteur<\/strong> (tiers) en profitant de notre r\u00e9seau de pr\u00eateurs et de nos processus s\u00e9curis\u00e9s.<\/li> <\/ul> <\/li> <li style=\"text-align: left;\"><strong data-start=\"1992\" data-end=\"2007\">Avantages :<\/strong> <ul> <li style=\"text-align: left;\">Validation documentaire, accompagnement juridique\/administratif<\/li> <li style=\"text-align: left;\">Financement structur\u00e9, r\u00e9duction des risques pour les deux parties.<\/li> <\/ul> <\/li> <\/ul>\n<h3>Pr\u00eat de fonds de roulement<\/h3>\n<ul> <li style=\"text-align: left;\" data-start=\"1111\" data-end=\"1129\"><strong data-start=\"1111\" data-end=\"1127\">Id\u00e9al pour :<\/strong> <ul> <li data-start=\"1130\" data-end=\"1213\"> <p data-start=\"1132\" data-end=\"1213\">Constituer la <strong data-start=\"1146\" data-end=\"1175\">mise de fonds (cash down)<\/strong> n\u00e9cessaire pour l\u2019achat d\u2019un camion<\/p> <\/li> <li data-start=\"1214\" data-end=\"1297\"> <p data-start=\"1216\" data-end=\"1297\">Couvrir les besoins en <strong data-start=\"1239\" data-end=\"1295\">carburant, pneus, r\u00e9parations ou impr\u00e9vus m\u00e9caniques<\/strong><\/p> <\/li> <\/ul> <\/li> <li style=\"text-align: left;\" data-start=\"1299\" data-end=\"1316\"><strong data-start=\"1299\" data-end=\"1314\">Avantages :<\/strong> <ul> <li style=\"text-align: left;\" data-start=\"1319\" data-end=\"1353\">Tr\u00e9sorerie disponible rapidement<\/li> <li style=\"text-align: left;\" data-start=\"1356\" data-end=\"1386\">D\u00e9lais de traitement rapides<\/li> <\/ul> <\/li> <\/ul>\n<h1 style=\"text-align: left;\">CAROLINE BORNAIS<\/h1> <h3 style=\"text-align: left;\">Coordonnatrice Financement<\/h3> <p>C 418 951-5522<br>T 418 833-1601, poste 1249<br><a href=\"mailto:caroline.bornais@parevolvo.com\">caroline.bornais@parevolvo.com<\/a><\/p>","_links":{"self":[{"href":"https:\/\/parevolvo.com\/fr\/wp-json\/wp\/v2\/pages\/6966","targetHints":{"allow":["GET"]}}],"collection":[{"href":"https:\/\/parevolvo.com\/fr\/wp-json\/wp\/v2\/pages"}],"about":[{"href":"https:\/\/parevolvo.com\/fr\/wp-json\/wp\/v2\/types\/page"}],"author":[{"embeddable":true,"href":"https:\/\/parevolvo.com\/fr\/wp-json\/wp\/v2\/users\/4"}],"replies":[{"embeddable":true,"href":"https:\/\/parevolvo.com\/fr\/wp-json\/wp\/v2\/comments?post=6966"}],"version-history":[{"count":18,"href":"https:\/\/parevolvo.com\/fr\/wp-json\/wp\/v2\/pages\/6966\/revisions"}],"predecessor-version":[{"id":7035,"href":"https:\/\/parevolvo.com\/fr\/wp-json\/wp\/v2\/pages\/6966\/revisions\/7035"}],"wp:attachment":[{"href":"https:\/\/parevolvo.com\/fr\/wp-json\/wp\/v2\/media?parent=6966"}],"curies":[{"name":"wp","href":"https:\/\/api.w.org\/{rel}","templated":true}]}}