{"id":6704,"date":"2025-07-08T14:17:27","date_gmt":"2025-07-08T18:17:27","guid":{"rendered":"https:\/\/parevolvo.com\/produit\/volvo-new-vnl-300-copy\/"},"modified":"2025-08-08T09:49:29","modified_gmt":"2025-08-08T13:49:29","slug":"volvo-new-vnl64t300-glacier-white-664502-2-2","status":"publish","type":"product","link":"https:\/\/parevolvo.com\/english\/product\/volvo-new-vnl64t300-glacier-white-664502-2-2\/","title":{"rendered":"Volvo &#8211; NEW VNL 300"},"content":{"rendered":"","protected":false},"excerpt":{"rendered":"<table class=\"woocommerce-product-attributes shop_attributes\" aria-label=\"Product Details\">\n<tbody>\n<tr class=\"woocommerce-product-attributes-item woocommerce-product-attributes-item--attribute_pa_numero-de-serie\">\n<th class=\"woocommerce-product-attributes-item__label\" style=\"text-align: left\" scope=\"row\">Num\u00e9ro de s\u00e9rie<\/th>\n<td class=\"woocommerce-product-attributes-item__value\">699908<\/td>\n<\/tr>\n<tr class=\"woocommerce-product-attributes-item woocommerce-product-attributes-item--attribute_pa_modele\">\n<th class=\"woocommerce-product-attributes-item__label\" style=\"text-align: left\" scope=\"row\">Mod\u00e9le<\/th>\n<td class=\"woocommerce-product-attributes-item__value\">NEW VNL64T300<\/td>\n<\/tr>\n<tr class=\"woocommerce-product-attributes-item woocommerce-product-attributes-item--attribute_pa_moteur\">\n<th class=\"woocommerce-product-attributes-item__label\" style=\"text-align: left\" scope=\"row\">Moteur<\/th>\n<td class=\"woocommerce-product-attributes-item__value\">D13TC \u2013 455HP \u2013 1850LB<\/td>\n<\/tr>\n<tr class=\"woocommerce-product-attributes-item woocommerce-product-attributes-item--attribute_pa_couleur\">\n<th class=\"woocommerce-product-attributes-item__label\" style=\"text-align: left\" scope=\"row\">Couleur<\/th>\n<td class=\"woocommerce-product-attributes-item__value\">GLACIER WHITE<\/td>\n<\/tr>\n<tr class=\"woocommerce-product-attributes-item woocommerce-product-attributes-item--attribute_pa_transmission\">\n<th class=\"woocommerce-product-attributes-item__label\" style=\"text-align: left\" scope=\"row\">Transmission<\/th>\n<td class=\"woocommerce-product-attributes-item__value\">VOLVO I-SHIFT , ATO2612G, 13 VITESSES<\/td>\n<\/tr>\n<tr class=\"woocommerce-product-attributes-item woocommerce-product-attributes-item--attribute_pa_essieux\">\n<th class=\"woocommerce-product-attributes-item__label\" style=\"text-align: left\" scope=\"row\">Essieux<\/th>\n<td class=\"woocommerce-product-attributes-item__value\">13,2K X 40K<\/td>\n<\/tr>\n<tr class=\"woocommerce-product-attributes-item woocommerce-product-attributes-item--attribute_pa_ratio\">\n<th class=\"woocommerce-product-attributes-item__label\" style=\"text-align: left\" scope=\"row\">Ratio<\/th>\n<td class=\"woocommerce-product-attributes-item__value\">2.47<\/td>\n<\/tr>\n<tr class=\"woocommerce-product-attributes-item woocommerce-product-attributes-item--attribute_pa_empattement\">\n<th class=\"woocommerce-product-attributes-item__label\" style=\"text-align: left\" scope=\"row\">Empattement<\/th>\n<td class=\"woocommerce-product-attributes-item__value\">194&Prime;<\/td>\n<\/tr>\n<\/tbody>\n<\/table>\n<p>&nbsp;<\/p>\n<p><span style=\"color: #333399\"><strong>POUR PLUS D&rsquo;INFORMATIONS :<\/strong><\/span><br \/>\n<a href=\"mailto:charles.turgeon@parevolvo.com\">charles.turgeon@parevolvo.com<\/a><\/p>\n<p>418-833-5333<\/p>","protected":false},"featured_media":6733,"template":"","meta":{"_acf_changed":false},"product_brand":[],"product_cat":[50],"product_tag":[],"class_list":{"0":"post-6704","1":"product","2":"type-product","3":"status-publish","4":"has-post-thumbnail","6":"product_cat-camions-volvo","7":"has-post-title","8":"has-post-date","9":"has-post-category","10":"has-post-tag","11":"has-post-comment","12":"has-post-author","13":"","15":"first","16":"instock","17":"shipping-taxable","18":"purchasable","19":"product-type-simple"},"acf":[],"yoast_head":"<!-- This site is optimized with the Yoast SEO plugin v26.6 - https:\/\/yoast.com\/wordpress\/plugins\/seo\/ -->\n<title>Volvo - NEW VNL 300 - Par\u00e9 Centre du Camion<\/title>\n<meta name=\"robots\" content=\"index, follow, max-snippet:-1, max-image-preview:large, max-video-preview:-1\" \/>\n<link rel=\"canonical\" href=\"https:\/\/parevolvo.com\/english\/product\/volvo-new-vnl64t300-glacier-white-664502-2-2\/\" \/>\n<meta property=\"og:locale\" content=\"en_US\" \/>\n<meta property=\"og:type\" content=\"article\" \/>\n<meta property=\"og:title\" content=\"Volvo - NEW VNL 300 - Par\u00e9 Centre du Camion\" \/>\n<meta property=\"og:description\" content=\"Num\u00e9ro de s\u00e9rie 699908   Mod\u00e9le NEW VNL64T300   Moteur D13TC \u2013 455HP \u2013 1850LB   Couleur GLACIER WHITE   Transmission VOLVO I-SHIFT , ATO2612G, 13 VITESSES   Essieux 13,2K X 40K   Ratio 2.47   Empattement 194&quot;    &nbsp;  POUR PLUS D&#039;INFORMATIONS : charles.turgeon@parevolvo.com  418-833-5333\" \/>\n<meta property=\"og:url\" content=\"https:\/\/parevolvo.com\/english\/product\/volvo-new-vnl64t300-glacier-white-664502-2-2\/\" \/>\n<meta property=\"og:site_name\" content=\"Par\u00e9 Centre du Camion\" \/>\n<meta property=\"article:publisher\" content=\"https:\/\/www.facebook.com\/pare.volvoisuzu\" \/>\n<meta property=\"article:modified_time\" content=\"2025-08-08T13:49:29+00:00\" \/>\n<meta property=\"og:image\" content=\"https:\/\/parevolvo.com\/wp-content\/uploads\/2025\/07\/IMG_1030-scaled.jpg\" \/>\n\t<meta property=\"og:image:width\" content=\"2560\" \/>\n\t<meta property=\"og:image:height\" content=\"1920\" \/>\n\t<meta property=\"og:image:type\" content=\"image\/jpeg\" \/>\n<meta name=\"twitter:card\" content=\"summary_large_image\" \/>\n<meta name=\"twitter:label1\" content=\"Est. reading time\" \/>\n\t<meta name=\"twitter:data1\" content=\"1 minute\" \/>\n<script type=\"application\/ld+json\" class=\"yoast-schema-graph\">{\"@context\":\"https:\/\/schema.org\",\"@graph\":[{\"@type\":\"WebPage\",\"@id\":\"https:\/\/parevolvo.com\/produit\/volvo-new-vnl64t300-glacier-white-664502-2-2\/\",\"url\":\"https:\/\/parevolvo.com\/produit\/volvo-new-vnl64t300-glacier-white-664502-2-2\/\",\"name\":\"Volvo - NEW VNL 300 - Par\u00e9 Centre du Camion\",\"isPartOf\":{\"@id\":\"https:\/\/parevolvo.com\/francais\/#website\"},\"primaryImageOfPage\":{\"@id\":\"https:\/\/parevolvo.com\/produit\/volvo-new-vnl64t300-glacier-white-664502-2-2\/#primaryimage\"},\"image\":{\"@id\":\"https:\/\/parevolvo.com\/produit\/volvo-new-vnl64t300-glacier-white-664502-2-2\/#primaryimage\"},\"thumbnailUrl\":\"https:\/\/parevolvo.com\/wp-content\/uploads\/2025\/07\/IMG_1030-scaled.jpg\",\"datePublished\":\"2025-07-08T18:17:27+00:00\",\"dateModified\":\"2025-08-08T13:49:29+00:00\",\"breadcrumb\":{\"@id\":\"https:\/\/parevolvo.com\/produit\/volvo-new-vnl64t300-glacier-white-664502-2-2\/#breadcrumb\"},\"inLanguage\":\"en-CA\",\"potentialAction\":[{\"@type\":\"ReadAction\",\"target\":[\"https:\/\/parevolvo.com\/produit\/volvo-new-vnl64t300-glacier-white-664502-2-2\/\"]}]},{\"@type\":\"ImageObject\",\"inLanguage\":\"en-CA\",\"@id\":\"https:\/\/parevolvo.com\/produit\/volvo-new-vnl64t300-glacier-white-664502-2-2\/#primaryimage\",\"url\":\"https:\/\/parevolvo.com\/wp-content\/uploads\/2025\/07\/IMG_1030-scaled.jpg\",\"contentUrl\":\"https:\/\/parevolvo.com\/wp-content\/uploads\/2025\/07\/IMG_1030-scaled.jpg\",\"width\":2560,\"height\":1920},{\"@type\":\"BreadcrumbList\",\"@id\":\"https:\/\/parevolvo.com\/produit\/volvo-new-vnl64t300-glacier-white-664502-2-2\/#breadcrumb\",\"itemListElement\":[{\"@type\":\"ListItem\",\"position\":1,\"name\":\"Accueil\",\"item\":\"https:\/\/parevolvo.com\/fr\/\"},{\"@type\":\"ListItem\",\"position\":2,\"name\":\"INVENTAIRE\",\"item\":\"https:\/\/parevolvo.com\/inventaire\/\"},{\"@type\":\"ListItem\",\"position\":3,\"name\":\"Volvo &#8211; NEW VNL 300\"}]},{\"@type\":\"WebSite\",\"@id\":\"https:\/\/parevolvo.com\/francais\/#website\",\"url\":\"https:\/\/parevolvo.com\/francais\/\",\"name\":\"Par\u00e9 Centre du Camion\",\"description\":\"1 888 833-5388\",\"publisher\":{\"@id\":\"https:\/\/parevolvo.com\/francais\/#organization\"},\"potentialAction\":[{\"@type\":\"SearchAction\",\"target\":{\"@type\":\"EntryPoint\",\"urlTemplate\":\"https:\/\/parevolvo.com\/francais\/?s={search_term_string}\"},\"query-input\":{\"@type\":\"PropertyValueSpecification\",\"valueRequired\":true,\"valueName\":\"search_term_string\"}}],\"inLanguage\":\"en-CA\"},{\"@type\":\"Organization\",\"@id\":\"https:\/\/parevolvo.com\/francais\/#organization\",\"name\":\"Par\u00e9 Centre du Camion\",\"url\":\"https:\/\/parevolvo.com\/francais\/\",\"logo\":{\"@type\":\"ImageObject\",\"inLanguage\":\"en-CA\",\"@id\":\"https:\/\/parevolvo.com\/francais\/#\/schema\/logo\/image\/\",\"url\":\"https:\/\/parevolvo.com\/wp-content\/uploads\/2022\/04\/Logo-Pare-Header-e1651006453327.png\",\"contentUrl\":\"https:\/\/parevolvo.com\/wp-content\/uploads\/2022\/04\/Logo-Pare-Header-e1651006453327.png\",\"width\":250,\"height\":135,\"caption\":\"Par\u00e9 Centre du Camion\"},\"image\":{\"@id\":\"https:\/\/parevolvo.com\/francais\/#\/schema\/logo\/image\/\"},\"sameAs\":[\"https:\/\/www.facebook.com\/pare.volvoisuzu\"]}]}<\/script>\n<!-- \/ Yoast SEO plugin. -->","yoast_head_json":{"title":"Volvo - NEW VNL 300 - Par\u00e9 Centre du Camion","robots":{"index":"index","follow":"follow","max-snippet":"max-snippet:-1","max-image-preview":"max-image-preview:large","max-video-preview":"max-video-preview:-1"},"canonical":"https:\/\/parevolvo.com\/english\/product\/volvo-new-vnl64t300-glacier-white-664502-2-2\/","og_locale":"en_US","og_type":"article","og_title":"Volvo - NEW VNL 300 - Par\u00e9 Centre du Camion","og_description":"Num\u00e9ro de s\u00e9rie 699908   Mod\u00e9le NEW VNL64T300   Moteur D13TC \u2013 455HP \u2013 1850LB   Couleur GLACIER WHITE   Transmission VOLVO I-SHIFT , ATO2612G, 13 VITESSES   Essieux 13,2K X 40K   Ratio 2.47   Empattement 194\"    &nbsp;  POUR PLUS D'INFORMATIONS : charles.turgeon@parevolvo.com  418-833-5333","og_url":"https:\/\/parevolvo.com\/english\/product\/volvo-new-vnl64t300-glacier-white-664502-2-2\/","og_site_name":"Par\u00e9 Centre du Camion","article_publisher":"https:\/\/www.facebook.com\/pare.volvoisuzu","article_modified_time":"2025-08-08T13:49:29+00:00","og_image":[{"width":2560,"height":1920,"url":"https:\/\/parevolvo.com\/wp-content\/uploads\/2025\/07\/IMG_1030-scaled.jpg","type":"image\/jpeg"}],"twitter_card":"summary_large_image","twitter_misc":{"Est. reading time":"1 minute"},"schema":{"@context":"https:\/\/schema.org","@graph":[{"@type":"WebPage","@id":"https:\/\/parevolvo.com\/produit\/volvo-new-vnl64t300-glacier-white-664502-2-2\/","url":"https:\/\/parevolvo.com\/produit\/volvo-new-vnl64t300-glacier-white-664502-2-2\/","name":"Volvo - NEW VNL 300 - Par\u00e9 Centre du Camion","isPartOf":{"@id":"https:\/\/parevolvo.com\/francais\/#website"},"primaryImageOfPage":{"@id":"https:\/\/parevolvo.com\/produit\/volvo-new-vnl64t300-glacier-white-664502-2-2\/#primaryimage"},"image":{"@id":"https:\/\/parevolvo.com\/produit\/volvo-new-vnl64t300-glacier-white-664502-2-2\/#primaryimage"},"thumbnailUrl":"https:\/\/parevolvo.com\/wp-content\/uploads\/2025\/07\/IMG_1030-scaled.jpg","datePublished":"2025-07-08T18:17:27+00:00","dateModified":"2025-08-08T13:49:29+00:00","breadcrumb":{"@id":"https:\/\/parevolvo.com\/produit\/volvo-new-vnl64t300-glacier-white-664502-2-2\/#breadcrumb"},"inLanguage":"en-CA","potentialAction":[{"@type":"ReadAction","target":["https:\/\/parevolvo.com\/produit\/volvo-new-vnl64t300-glacier-white-664502-2-2\/"]}]},{"@type":"ImageObject","inLanguage":"en-CA","@id":"https:\/\/parevolvo.com\/produit\/volvo-new-vnl64t300-glacier-white-664502-2-2\/#primaryimage","url":"https:\/\/parevolvo.com\/wp-content\/uploads\/2025\/07\/IMG_1030-scaled.jpg","contentUrl":"https:\/\/parevolvo.com\/wp-content\/uploads\/2025\/07\/IMG_1030-scaled.jpg","width":2560,"height":1920},{"@type":"BreadcrumbList","@id":"https:\/\/parevolvo.com\/produit\/volvo-new-vnl64t300-glacier-white-664502-2-2\/#breadcrumb","itemListElement":[{"@type":"ListItem","position":1,"name":"Accueil","item":"https:\/\/parevolvo.com\/fr\/"},{"@type":"ListItem","position":2,"name":"INVENTAIRE","item":"https:\/\/parevolvo.com\/inventaire\/"},{"@type":"ListItem","position":3,"name":"Volvo &#8211; NEW VNL 300"}]},{"@type":"WebSite","@id":"https:\/\/parevolvo.com\/francais\/#website","url":"https:\/\/parevolvo.com\/francais\/","name":"Par\u00e9 Centre du Camion","description":"1 888 833-5388","publisher":{"@id":"https:\/\/parevolvo.com\/francais\/#organization"},"potentialAction":[{"@type":"SearchAction","target":{"@type":"EntryPoint","urlTemplate":"https:\/\/parevolvo.com\/francais\/?s={search_term_string}"},"query-input":{"@type":"PropertyValueSpecification","valueRequired":true,"valueName":"search_term_string"}}],"inLanguage":"en-CA"},{"@type":"Organization","@id":"https:\/\/parevolvo.com\/francais\/#organization","name":"Par\u00e9 Centre du Camion","url":"https:\/\/parevolvo.com\/francais\/","logo":{"@type":"ImageObject","inLanguage":"en-CA","@id":"https:\/\/parevolvo.com\/francais\/#\/schema\/logo\/image\/","url":"https:\/\/parevolvo.com\/wp-content\/uploads\/2022\/04\/Logo-Pare-Header-e1651006453327.png","contentUrl":"https:\/\/parevolvo.com\/wp-content\/uploads\/2022\/04\/Logo-Pare-Header-e1651006453327.png","width":250,"height":135,"caption":"Par\u00e9 Centre du Camion"},"image":{"@id":"https:\/\/parevolvo.com\/francais\/#\/schema\/logo\/image\/"},"sameAs":["https:\/\/www.facebook.com\/pare.volvoisuzu"]}]}},"jetpack_sharing_enabled":true,"builder_content":"","_links":{"self":[{"href":"https:\/\/parevolvo.com\/english\/wp-json\/wp\/v2\/product\/6704","targetHints":{"allow":["GET"]}}],"collection":[{"href":"https:\/\/parevolvo.com\/english\/wp-json\/wp\/v2\/product"}],"about":[{"href":"https:\/\/parevolvo.com\/english\/wp-json\/wp\/v2\/types\/product"}],"wp:featuredmedia":[{"embeddable":true,"href":"https:\/\/parevolvo.com\/english\/wp-json\/wp\/v2\/media\/6733"}],"wp:attachment":[{"href":"https:\/\/parevolvo.com\/english\/wp-json\/wp\/v2\/media?parent=6704"}],"wp:term":[{"taxonomy":"product_brand","embeddable":true,"href":"https:\/\/parevolvo.com\/english\/wp-json\/wp\/v2\/product_brand?post=6704"},{"taxonomy":"product_cat","embeddable":true,"href":"https:\/\/parevolvo.com\/english\/wp-json\/wp\/v2\/product_cat?post=6704"},{"taxonomy":"product_tag","embeddable":true,"href":"https:\/\/parevolvo.com\/english\/wp-json\/wp\/v2\/product_tag?post=6704"}],"curies":[{"name":"wp","href":"https:\/\/api.w.org\/{rel}","templated":true}]}}