{"id":49,"date":"2020-03-18T11:11:24","date_gmt":"2020-03-18T15:11:24","guid":{"rendered":"https:\/\/parevolvo.com\/?page_id=49"},"modified":"2025-08-15T13:58:54","modified_gmt":"2025-08-15T17:58:54","slug":"emplois","status":"publish","type":"page","link":"http:\/\/parevolvo.com\/english\/emplois\/","title":{"rendered":"Emplois"},"content":{"rendered":"<!--themify_builder_content-->\n<div id=\"themify_builder_content-49\" data-postid=\"49\" class=\"themify_builder_content themify_builder_content-49 themify_builder tf_clear\">\n                    <div  data-parallax-bg=\"desktop\" data-css_id=\"oj3j662\" data-lazy=\"1\" class=\"module_row themify_builder_row fullwidth tb_oj3j662 tb_first tf_w\">\n                        <div class=\"row_inner col_align_top tb_col_count_1 tf_box tf_rel\">\n                        <div  data-lazy=\"1\" class=\"module_column tb-column col-full tb_rgoh662 first\">\n                    <!-- module text -->\n<div  class=\"module module-text tb_2bay664\" data-lazy=\"1\">\n        <div  class=\"tb_text_wrap\">\n        <h1>Nous avons un emploi pour toi!<\/h1>    <\/div>\n<\/div>\n<!-- \/module text -->        <\/div>\n                        <\/div>\n        <\/div>\n                        <div  data-lazy=\"1\" class=\"module_row themify_builder_row tb_uv81326 tf_w\">\n                        <div class=\"row_inner col_align_top tb_col_count_1 tf_box tf_rel\">\n                        <div  data-lazy=\"1\" class=\"module_column tb-column col-full tb_sd4v327 first\">\n                    <!-- module text -->\n<div  class=\"module module-text tb_cf1t240\" data-lazy=\"1\">\n        <div  class=\"tb_text_wrap\">\n        <div class=\"sjb-page\">\r\n<!-- Start: Jobs Listing Wrapper -->\r\n\r\n\r\n<!-- Start Job Filters\r\n================================================== -->\r\n<div class=\"sjb-filters sjb-filters-v2\">\r\n        <form class=\"filters-form\" action=\"http:\/\/parevolvo.com\/english\/emplois\/\" method=\"get\" data-trp-original-action=\"http:\/\/parevolvo.com\/english\/emplois\/\">\r\n        <div class=\"row\">\r\n            \r\n    <!-- Keywords Search-->    \r\n    <div class=\"sjb-search-keywords col-md-12 col-xs-12\">\r\n        <div class=\"form-group\">\r\n                        <label class=\"sr-only\" for=\"keywords\">Keywords<\/label>\r\n            <input type=\"text\" class=\"form-control\" value=\"\" placeholder=\"Keywords\" id=\"keywords\" name=\"search_keywords\">\r\n        <\/div>\r\n    <\/div>\r\n    \r\n    <!-- Category Filter-->\r\n            <div class=\"sjb-search-categories col-md-3 col-xs-12\">\r\n            <div class=\"form-group\">\r\n                <select name='selected_category' id='category' class='form-control'>\n\t<option value='-1'>Category<\/option>\n\t<option class=\"level-0\" value=\"general\">G\u00e9n\u00e9ral<\/option>\n\t<option class=\"level-0\" value=\"mecanique\">M\u00e9canique<\/option>\n\t<option class=\"level-0\" value=\"pieces\">Pi\u00e8ces<\/option>\n<\/select>\n            <\/div>\r\n        <\/div>\r\n    \r\n     \r\n\r\n    <!-- Job Type Filter -->\r\n    <div class=\"sjb-search-job-type col-md-3 col-xs-12\">\r\n        <div class=\"form-group\">\r\n            <select name='selected_jobtype' id='jobtype' class='form-control'>\n\t<option value='-1'>Job Type<\/option>\n\t<option class=\"level-0\" value=\"temps-plein\">Temps Plein<\/option>\n<\/select>\n        <\/div>\r\n    <\/div>\r\n    \r\n    <!-- Job Location Filter-->\r\n    <div class=\"sjb-search-location col-md-3 col-xs-12\">\r\n        <div class=\"form-group\">\r\n            <select name='selected_location' id='location' class='form-control'>\n\t<option value='-1'>Location<\/option>\n\t<option class=\"level-0\" value=\"levis\">L\u00e9vis<\/option>\n\t<option class=\"level-0\" value=\"quebec\">Qu\u00e9bec<\/option>\n<\/select>\n        <\/div>\r\n    <\/div>\r\n    <div class=\"sjb-search-button col-md-3 col-xs-12\"><input class=\"btn-search btn btn-primary\" value=\"&#xf002;\" type=\"submit\"><\/div>        <\/div>\r\n    <input type=\"hidden\" name=\"trp-form-language\" value=\"english\"\/><\/form>\r\n<\/div>\r\n<!-- ==================================================\r\nEnd Job Filters -->\r\n\r\n\r\n<div class=\"sjb-listing\">\r\n        <!-- start Jobs Listing: List View -->\r\n    <div class=\"list-view\">\r\n        \r\n    \r\n<!-- Start Jobs List View \r\n================================================== -->\r\n<div class=\"list-data\">\r\n    <div class=\"v2 sjb-job-6991\">\r\n\r\n        <!-- Jobs List view header -->\r\n        <header>\r\n            <div class=\"row\">\r\n                \r\n                <div class=\"col-md-12 col-sm-12\">\r\n                    <div class=\"sjb-company-wrapper-details-list\">\r\n                        <div class=\"row\">\r\n                            \r\n<!-- Start Company Logo\r\n================================================== -->\r\n<div class=\"col-md-8 col-sm-8\">\r\n            <div class=\"company-logo\">\r\n            <a href=\"http:\/\/parevolvo.com\/english\/jobs\/directeur-ventes-pieces\/\"><img decoding=\"async\" src=\"https:\/\/parevolvo.com\/wp-content\/uploads\/2020\/03\/Logo-Pare-Header-300x162.png\" alt=\"\" class=\"sjb-img-responsive\" id=\"\"\/><\/a>\r\n        <\/div>\r\n    \r\n    <!-- ==================================================\r\nEnd Company Logo -->\r\n\r\n    <div class=\"sjb-with-logo\">\r\n    <div class=\"job-info job-without-company\">\r\n        <h4>\r\n            <a href=\"http:\/\/parevolvo.com\/english\/jobs\/directeur-ventes-pieces\/\">\r\n                <span class=\"job-title\">Directeur\/directrice aux ventes de pi\u00e8ces<\/span>            <\/a>\r\n        <\/h4>\r\n        <div class=\"sjb-company-details\">\r\n                    <\/div>\r\n            <\/div>\r\n<\/div>\r\n<\/div>\r\n\r\n<!-- Start apply now button\r\n================================================== -->\r\n<div class=\"col-md-4 col-sm-4 col-xs-12 sjb-apply-now-btn\">\r\n\t<p><a href=\"http:\/\/parevolvo.com\/english\/jobs\/directeur-ventes-pieces\/\" class=\"btn btn-primary\">Postulez maintenant<\/a><\/p><\/div>\r\n<!-- ==================================================\r\nEnd apply now button -->\r\n\r\n                        <\/div>\r\n                    <\/div>\r\n                <\/div>\r\n             \r\n                <div class=\"clearfix\"><\/div>\r\n                <div class=\"col-md-12 col-sm-12\">\r\n                    <div class=\"sjb-job-type-location-date\">\r\n                        <div class=\"row\">\r\n                        \r\n<!-- Start Job Type\r\n================================================== -->\r\n\t<div class=\"col-md-2 col-sm-4 col-xs-12\">\r\n                <div class=\"job-type\"><i class=\"fa fa-briefcase\"><\/i>Temps Plein<\/div>\r\n    <\/div>\r\n \r\n<!-- ==================================================\r\nEnd Job Type -->\r\n\r\n\r\n<!-- Start Job's Location\r\n================================================== -->\r\n\t<div class=\"col-md-3 col-sm-4 col-xs-12\">\r\n                <div class=\"job-location\"><i class=\"fa  fa-map-marker\"><\/i>L\u00e9vis, Qu\u00e9bec<\/div>\r\n\t<\/div>\r\n<!-- ==================================================\r\nEnd Job's Location -->\r\n\r\n\r\n<!-- Start Job Posted Date\r\n================================================== -->\r\n\t<div class=\"col-md-4 col-sm-4 col-xs-12\">\r\n                <div class=\"job-date\"><i class=\"fa  fa-calendar-check\"><\/i>Posted 8 months ago<\/div>\r\n\t<\/div>\r\n<!-- ==================================================\r\nEnd Job Posted Date -->\r\n\r\n                        <\/div>\r\n                    <\/div>\r\n\r\n                <\/div>\r\n            <\/div>\r\n            \r\n        <\/header>\r\n        \r\n\r\n            <\/div>\r\n<\/div>\r\n<!-- ==================================================\r\nEnd Jobs List View -->\r\n\r\n<div class=\"clearfix\"><\/div>\r\n\r\n\r\n    <\/div> <!-- end Jobs Listing: List View -->\r\n<\/div>\r\n<!-- End: Jobs Listing -->\r\n\r\n<div class=\"clearfix\"><\/div>\r\n<\/div>\r\n<!-- End: Jobs Listing Wrapper -->\r\n\r\n    <\/div>\n<\/div>\n<!-- \/module text -->        <div  data-lazy=\"1\" class=\"module_subrow themify_builder_sub_row tf_w col_align_top tb_col_count_1 tb_cxhb554\">\n                <div  data-lazy=\"1\" class=\"module_column sub_column col-full tb_pfbf556 first\">\n                    <!-- module text -->\n<div  class=\"module module-text tb_o4jv865\" data-lazy=\"1\">\n        <div  class=\"tb_text_wrap\">\n        <h5 style=\"text-align: center;\">Notre entreprise \u00e9tant en constante progression, nous sommes toujours \u00e0 la recherche de nouveaux employ\u00e9s. N\u2019h\u00e9sitez donc pas \u00e0 nous faire parvenir votre CV, nous serons heureux de vous rencontrer.<\/h5>    <\/div>\n<\/div>\n<!-- \/module text -->        <\/div>\n                    <\/div>\n        <!-- module text -->\n<div  class=\"module module-text tb_ubls164\" data-lazy=\"1\">\n        <div  class=\"tb_text_wrap\">\n        \n<div class=\"wpcf7 no-js\" id=\"wpcf7-f544-o1\" lang=\"fr-CA\" dir=\"ltr\" data-wpcf7-id=\"544\">\n<div class=\"screen-reader-response\"><p role=\"status\" aria-live=\"polite\" aria-atomic=\"true\"><\/p> <ul><\/ul><\/div>\n<form action=\"\/english\/wp-json\/wp\/v2\/pages\/49#wpcf7-f544-o1\" method=\"post\" class=\"wpcf7-form init\" aria-label=\"Contact form\" enctype=\"multipart\/form-data\" novalidate=\"novalidate\" data-status=\"init\" data-trp-original-action=\"\/english\/wp-json\/wp\/v2\/pages\/49#wpcf7-f544-o1\">\n<fieldset class=\"hidden-fields-container\"><input type=\"hidden\" name=\"_wpcf7\" value=\"544\" \/><input type=\"hidden\" name=\"_wpcf7_version\" value=\"6.1.4\" \/><input type=\"hidden\" name=\"_wpcf7_locale\" value=\"fr_CA\" \/><input type=\"hidden\" name=\"_wpcf7_unit_tag\" value=\"wpcf7-f544-o1\" \/><input type=\"hidden\" name=\"_wpcf7_container_post\" value=\"0\" \/><input type=\"hidden\" name=\"_wpcf7_posted_data_hash\" value=\"\" \/><input type=\"hidden\" name=\"_wpcf7_recaptcha_response\" value=\"\" \/>\n<\/fieldset>\n<p><label> Votre nom (requis)<br \/>\n<span class=\"wpcf7-form-control-wrap\" data-name=\"your-name\"><input size=\"40\" maxlength=\"400\" class=\"wpcf7-form-control wpcf7-text wpcf7-validates-as-required\" aria-required=\"true\" aria-invalid=\"false\" value=\"\" type=\"text\" name=\"your-name\" \/><\/span> <\/label>\n<\/p>\n<p><label> Votre courriel (requis)<br \/>\n<span class=\"wpcf7-form-control-wrap\" data-name=\"your-email\"><input size=\"40\" maxlength=\"400\" class=\"wpcf7-form-control wpcf7-email wpcf7-validates-as-required wpcf7-text wpcf7-validates-as-email\" aria-required=\"true\" aria-invalid=\"false\" value=\"\" type=\"email\" name=\"your-email\" \/><\/span> <\/label>\n<\/p>\n<p><label> Sujet<br \/>\n<span class=\"wpcf7-form-control-wrap\" data-name=\"your-subject\"><input size=\"40\" maxlength=\"400\" class=\"wpcf7-form-control wpcf7-text wpcf7-validates-as-required\" aria-required=\"true\" aria-invalid=\"false\" value=\"\" type=\"text\" name=\"your-subject\" \/><\/span> <\/label>\n<\/p>\n<p><span class=\"wpcf7-form-control-wrap\" data-name=\"textarea-21\"><textarea cols=\"40\" rows=\"10\" maxlength=\"2000\" class=\"wpcf7-form-control wpcf7-textarea\" aria-invalid=\"false\" placeholder=\"Type d&#039;emploi recherch\u00e9\" name=\"textarea-21\"><\/textarea><\/span>\n<\/p>\n<p><span class=\"wpcf7-form-control-wrap\" data-name=\"cv-candidat\"><input size=\"40\" class=\"wpcf7-form-control wpcf7-file\" accept=\".pdf,.txt\" aria-invalid=\"false\" type=\"file\" name=\"cv-candidat\" \/><\/span>\n<\/p>\n<p><input class=\"wpcf7-form-control wpcf7-submit has-spinner\" type=\"submit\" value=\"Envoyer\" \/>\n<\/p><div class=\"wpcf7-response-output\" aria-hidden=\"true\"><\/div>\n<input type=\"hidden\" name=\"trp-form-language\" value=\"english\"\/><\/form>\n<\/div>\n    <\/div>\n<\/div>\n<!-- \/module text -->        <\/div>\n                        <\/div>\n        <\/div>\n        <\/div>\n<!--\/themify_builder_content--><p><\/p>","protected":false},"excerpt":{"rendered":"","protected":false},"author":1,"featured_media":0,"parent":0,"menu_order":0,"comment_status":"closed","ping_status":"closed","template":"","meta":{"_acf_changed":false,"footnotes":""},"class_list":["post-49","page","type-page","status-publish","hentry","has-post-title","has-post-date","has-post-category","has-post-tag","has-post-comment","has-post-author",""],"acf":[],"yoast_head":"<!-- This site is optimized with the Yoast SEO plugin v26.6 - https:\/\/yoast.com\/wordpress\/plugins\/seo\/ -->\n<title>Emplois - Par\u00e9 Centre du Camion<\/title>\n<meta name=\"robots\" content=\"index, follow, max-snippet:-1, max-image-preview:large, max-video-preview:-1\" \/>\n<link rel=\"canonical\" href=\"https:\/\/parevolvo.com\/english\/emplois\/\" \/>\n<meta property=\"og:locale\" content=\"en_US\" \/>\n<meta property=\"og:type\" content=\"article\" \/>\n<meta property=\"og:title\" content=\"Emplois - Par\u00e9 Centre du Camion\" \/>\n<meta property=\"og:url\" content=\"https:\/\/parevolvo.com\/english\/emplois\/\" \/>\n<meta property=\"og:site_name\" content=\"Par\u00e9 Centre du Camion\" \/>\n<meta property=\"article:publisher\" content=\"https:\/\/www.facebook.com\/pare.volvoisuzu\" \/>\n<meta property=\"article:modified_time\" content=\"2025-08-15T17:58:54+00:00\" \/>\n<meta name=\"twitter:card\" content=\"summary_large_image\" \/>\n<meta name=\"twitter:label1\" content=\"Est. reading time\" \/>\n\t<meta name=\"twitter:data1\" content=\"1 minute\" \/>\n<script type=\"application\/ld+json\" class=\"yoast-schema-graph\">{\"@context\":\"https:\/\/schema.org\",\"@graph\":[{\"@type\":\"WebPage\",\"@id\":\"https:\/\/parevolvo.com\/emplois\/\",\"url\":\"https:\/\/parevolvo.com\/emplois\/\",\"name\":\"Emplois - Par\u00e9 Centre du Camion\",\"isPartOf\":{\"@id\":\"https:\/\/parevolvo.com\/francais\/#website\"},\"datePublished\":\"2020-03-18T15:11:24+00:00\",\"dateModified\":\"2025-08-15T17:58:54+00:00\",\"breadcrumb\":{\"@id\":\"https:\/\/parevolvo.com\/emplois\/#breadcrumb\"},\"inLanguage\":\"en-CA\",\"potentialAction\":[{\"@type\":\"ReadAction\",\"target\":[\"https:\/\/parevolvo.com\/emplois\/\"]}]},{\"@type\":\"BreadcrumbList\",\"@id\":\"https:\/\/parevolvo.com\/emplois\/#breadcrumb\",\"itemListElement\":[{\"@type\":\"ListItem\",\"position\":1,\"name\":\"Accueil\",\"item\":\"https:\/\/parevolvo.com\/fr\/\"},{\"@type\":\"ListItem\",\"position\":2,\"name\":\"Emplois\"}]},{\"@type\":\"WebSite\",\"@id\":\"https:\/\/parevolvo.com\/francais\/#website\",\"url\":\"https:\/\/parevolvo.com\/francais\/\",\"name\":\"Par\u00e9 Centre du Camion\",\"description\":\"1 888 833-5388\",\"publisher\":{\"@id\":\"https:\/\/parevolvo.com\/francais\/#organization\"},\"potentialAction\":[{\"@type\":\"SearchAction\",\"target\":{\"@type\":\"EntryPoint\",\"urlTemplate\":\"https:\/\/parevolvo.com\/francais\/?s={search_term_string}\"},\"query-input\":{\"@type\":\"PropertyValueSpecification\",\"valueRequired\":true,\"valueName\":\"search_term_string\"}}],\"inLanguage\":\"en-CA\"},{\"@type\":\"Organization\",\"@id\":\"https:\/\/parevolvo.com\/francais\/#organization\",\"name\":\"Par\u00e9 Centre du Camion\",\"url\":\"https:\/\/parevolvo.com\/francais\/\",\"logo\":{\"@type\":\"ImageObject\",\"inLanguage\":\"en-CA\",\"@id\":\"https:\/\/parevolvo.com\/francais\/#\/schema\/logo\/image\/\",\"url\":\"https:\/\/parevolvo.com\/wp-content\/uploads\/2022\/04\/Logo-Pare-Header-e1651006453327.png\",\"contentUrl\":\"https:\/\/parevolvo.com\/wp-content\/uploads\/2022\/04\/Logo-Pare-Header-e1651006453327.png\",\"width\":250,\"height\":135,\"caption\":\"Par\u00e9 Centre du Camion\"},\"image\":{\"@id\":\"https:\/\/parevolvo.com\/francais\/#\/schema\/logo\/image\/\"},\"sameAs\":[\"https:\/\/www.facebook.com\/pare.volvoisuzu\"]}]}<\/script>\n<!-- \/ Yoast SEO plugin. -->","yoast_head_json":{"title":"Emplois - Par\u00e9 Centre du Camion","robots":{"index":"index","follow":"follow","max-snippet":"max-snippet:-1","max-image-preview":"max-image-preview:large","max-video-preview":"max-video-preview:-1"},"canonical":"https:\/\/parevolvo.com\/english\/emplois\/","og_locale":"en_US","og_type":"article","og_title":"Emplois - Par\u00e9 Centre du Camion","og_url":"https:\/\/parevolvo.com\/english\/emplois\/","og_site_name":"Par\u00e9 Centre du Camion","article_publisher":"https:\/\/www.facebook.com\/pare.volvoisuzu","article_modified_time":"2025-08-15T17:58:54+00:00","twitter_card":"summary_large_image","twitter_misc":{"Est. reading time":"1 minute"},"schema":{"@context":"https:\/\/schema.org","@graph":[{"@type":"WebPage","@id":"https:\/\/parevolvo.com\/emplois\/","url":"https:\/\/parevolvo.com\/emplois\/","name":"Emplois - Par\u00e9 Centre du Camion","isPartOf":{"@id":"https:\/\/parevolvo.com\/francais\/#website"},"datePublished":"2020-03-18T15:11:24+00:00","dateModified":"2025-08-15T17:58:54+00:00","breadcrumb":{"@id":"https:\/\/parevolvo.com\/emplois\/#breadcrumb"},"inLanguage":"en-CA","potentialAction":[{"@type":"ReadAction","target":["https:\/\/parevolvo.com\/emplois\/"]}]},{"@type":"BreadcrumbList","@id":"https:\/\/parevolvo.com\/emplois\/#breadcrumb","itemListElement":[{"@type":"ListItem","position":1,"name":"Accueil","item":"https:\/\/parevolvo.com\/fr\/"},{"@type":"ListItem","position":2,"name":"Emplois"}]},{"@type":"WebSite","@id":"https:\/\/parevolvo.com\/francais\/#website","url":"https:\/\/parevolvo.com\/francais\/","name":"Par\u00e9 Centre du Camion","description":"1 888 833-5388","publisher":{"@id":"https:\/\/parevolvo.com\/francais\/#organization"},"potentialAction":[{"@type":"SearchAction","target":{"@type":"EntryPoint","urlTemplate":"https:\/\/parevolvo.com\/francais\/?s={search_term_string}"},"query-input":{"@type":"PropertyValueSpecification","valueRequired":true,"valueName":"search_term_string"}}],"inLanguage":"en-CA"},{"@type":"Organization","@id":"https:\/\/parevolvo.com\/francais\/#organization","name":"Par\u00e9 Centre du Camion","url":"https:\/\/parevolvo.com\/francais\/","logo":{"@type":"ImageObject","inLanguage":"en-CA","@id":"https:\/\/parevolvo.com\/francais\/#\/schema\/logo\/image\/","url":"https:\/\/parevolvo.com\/wp-content\/uploads\/2022\/04\/Logo-Pare-Header-e1651006453327.png","contentUrl":"https:\/\/parevolvo.com\/wp-content\/uploads\/2022\/04\/Logo-Pare-Header-e1651006453327.png","width":250,"height":135,"caption":"Par\u00e9 Centre du Camion"},"image":{"@id":"https:\/\/parevolvo.com\/francais\/#\/schema\/logo\/image\/"},"sameAs":["https:\/\/www.facebook.com\/pare.volvoisuzu"]}]}},"jetpack_sharing_enabled":true,"builder_content":"<h1>Nous avons un emploi pour toi!<\/h1>\n<p>[jobpost]<\/p>\n<h5 style=\"text-align: center;\">Notre entreprise \u00e9tant en constante progression, nous sommes toujours \u00e0 la recherche de nouveaux employ\u00e9s. N\u2019h\u00e9sitez donc pas \u00e0 nous faire parvenir votre CV, nous serons heureux de vous rencontrer.<\/h5>\n<p>[contact-form-7 id=\"544\" title=\"Emplois\"]<\/p>","_links":{"self":[{"href":"http:\/\/parevolvo.com\/english\/wp-json\/wp\/v2\/pages\/49","targetHints":{"allow":["GET"]}}],"collection":[{"href":"http:\/\/parevolvo.com\/english\/wp-json\/wp\/v2\/pages"}],"about":[{"href":"http:\/\/parevolvo.com\/english\/wp-json\/wp\/v2\/types\/page"}],"author":[{"embeddable":true,"href":"http:\/\/parevolvo.com\/english\/wp-json\/wp\/v2\/users\/1"}],"replies":[{"embeddable":true,"href":"http:\/\/parevolvo.com\/english\/wp-json\/wp\/v2\/comments?post=49"}],"version-history":[{"count":44,"href":"http:\/\/parevolvo.com\/english\/wp-json\/wp\/v2\/pages\/49\/revisions"}],"predecessor-version":[{"id":6851,"href":"http:\/\/parevolvo.com\/english\/wp-json\/wp\/v2\/pages\/49\/revisions\/6851"}],"wp:attachment":[{"href":"http:\/\/parevolvo.com\/english\/wp-json\/wp\/v2\/media?parent=49"}],"curies":[{"name":"wp","href":"https:\/\/api.w.org\/{rel}","templated":true}]}}