{"id":37,"date":"2020-03-18T11:09:26","date_gmt":"2020-03-18T15:09:26","guid":{"rendered":"https:\/\/parevolvo.com\/?page_id=37"},"modified":"2021-08-03T10:18:48","modified_gmt":"2021-08-03T14:18:48","slug":"isuzu","status":"publish","type":"page","link":"http:\/\/parevolvo.com\/english\/isuzu\/","title":{"rendered":"Isuzu"},"content":{"rendered":"<!--themify_builder_content-->\n<div id=\"themify_builder_content-37\" data-postid=\"37\" class=\"themify_builder_content themify_builder_content-37 themify_builder tf_clear\">\n                    <div  data-parallax-bg=\"desktop\" data-css_id=\"jx9n452\" data-lazy=\"1\" class=\"module_row themify_builder_row fullwidth tb_jx9n452 tb_first tf_w\">\n                        <div class=\"row_inner col_align_top tb_col_count_1 tf_box tf_rel\">\n                        <div  data-lazy=\"1\" class=\"module_column tb-column col-full tb_slbj453 first\">\n                            <div  data-lazy=\"1\" class=\"module_subrow themify_builder_sub_row tf_w col_align_top tb_col_count_1 tb_522q453\">\n                <div  data-lazy=\"1\" class=\"module_column sub_column col-full tb_s8hq453 first\">\n                    <!-- module text -->\n<div  class=\"module module-text tb_4nrk453\" data-lazy=\"1\">\n        <div  class=\"tb_text_wrap\">\n        <h1>ISUZU<\/h1>    <\/div>\n<\/div>\n<!-- \/module text --><!-- module text -->\n<div  class=\"module module-text tb_gnrf757\" data-lazy=\"1\">\n        <div  class=\"tb_text_wrap\">\n        <h2><span style=\"color: #ffffff;\">Choisissez votre s\u00e9rie selon vos besoins<\/span><\/h2>    <\/div>\n<\/div>\n<!-- \/module text -->        <\/div>\n                    <\/div>\n                <div  data-lazy=\"1\" class=\"module_subrow themify_builder_sub_row tf_w col_align_top tb_col_count_3 tb_55qc453\">\n                <div  data-lazy=\"1\" class=\"module_column sub_column col3-1 tb_sklv454 first\">\n                    <!-- module buttons -->\n<div  class=\"module module-buttons tb_k42q454 buttons-horizontal outline  xlarge rounded buttons-fullwidth\" data-lazy=\"1\">\n        <div class=\"module-buttons-item tf_in_flx\">\n                        <a href=\"http:\/\/parevolvo.com\/english\/isuzu-serie-n-essence\/\" class=\"ui builder_button tf_in_flx tb_default_color\" >\n                                                Serie N essence                                        <\/a>\n                <\/div>\n            <\/div>\n<!-- \/module buttons -->\n        <\/div>\n                    <div  data-lazy=\"1\" class=\"module_column sub_column col3-1 tb_yxdm454\">\n                    <!-- module buttons -->\n<div  class=\"module module-buttons tb_b2yi454 buttons-horizontal outline  xlarge rounded buttons-fullwidth\" data-lazy=\"1\">\n        <div class=\"module-buttons-item tf_in_flx\">\n                        <a href=\"http:\/\/parevolvo.com\/english\/isuzu-serie-n-diesel\/\" class=\"ui builder_button tf_in_flx tb_default_color\" >\n                                                Serie N diesel                                        <\/a>\n                <\/div>\n            <\/div>\n<!-- \/module buttons -->\n        <\/div>\n                    <div  data-lazy=\"1\" class=\"module_column sub_column col3-1 tb_nhku455 last\">\n                    <!-- module buttons -->\n<div  class=\"module module-buttons tb_5qsq455 buttons-horizontal outline  xlarge rounded buttons-fullwidth\" data-lazy=\"1\">\n        <div class=\"module-buttons-item tf_in_flx\">\n                        <a href=\"http:\/\/parevolvo.com\/english\/isuzu-serie-f\/\" class=\"ui builder_button tf_in_flx tb_default_color\" >\n                                                Serie F                                        <\/a>\n                <\/div>\n            <\/div>\n<!-- \/module buttons -->\n        <\/div>\n                    <\/div>\n                <\/div>\n                        <\/div>\n        <\/div>\n                        <div  data-lazy=\"1\" class=\"module_row themify_builder_row tb_x66z256 tf_w\">\n                        <div class=\"row_inner col_align_top tb_col_count_1 tf_box tf_rel\">\n                        <div  data-lazy=\"1\" class=\"module_column tb-column col-full tb_yhgv257 first\">\n                    <!-- module text -->\n<div  class=\"module module-text tb_53g9258\" data-lazy=\"1\">\n        <div  class=\"tb_text_wrap\">\n        <h1>\u00c9crivez-nous, c\u2019est avec plaisir que nous r\u00e9pondrons \u00e0 vos questions.<\/h1>    <\/div>\n<\/div>\n<!-- \/module text --><!-- module text -->\n<div  class=\"module module-text tb_8lv1258\" data-lazy=\"1\">\n        <div  class=\"tb_text_wrap\">\n        \n<div class=\"wpcf7 no-js\" id=\"wpcf7-f10-o1\" lang=\"fr-CA\" dir=\"ltr\" data-wpcf7-id=\"10\">\n<div class=\"screen-reader-response\"><p role=\"status\" aria-live=\"polite\" aria-atomic=\"true\"><\/p> <ul><\/ul><\/div>\n<form action=\"\/english\/wp-json\/wp\/v2\/pages\/37#wpcf7-f10-o1\" method=\"post\" class=\"wpcf7-form init\" aria-label=\"Contact form\" novalidate=\"novalidate\" data-status=\"init\" data-trp-original-action=\"\/english\/wp-json\/wp\/v2\/pages\/37#wpcf7-f10-o1\">\n<fieldset class=\"hidden-fields-container\"><input type=\"hidden\" name=\"_wpcf7\" value=\"10\" \/><input type=\"hidden\" name=\"_wpcf7_version\" value=\"6.1.4\" \/><input type=\"hidden\" name=\"_wpcf7_locale\" value=\"fr_CA\" \/><input type=\"hidden\" name=\"_wpcf7_unit_tag\" value=\"wpcf7-f10-o1\" \/><input type=\"hidden\" name=\"_wpcf7_container_post\" value=\"0\" \/><input type=\"hidden\" name=\"_wpcf7_posted_data_hash\" value=\"\" \/><input type=\"hidden\" name=\"_wpcf7_recaptcha_response\" value=\"\" \/>\n<\/fieldset>\n<p><label> Votre nom (requis)<br \/>\n<span class=\"wpcf7-form-control-wrap\" data-name=\"your-name\"><input size=\"40\" maxlength=\"400\" class=\"wpcf7-form-control wpcf7-text wpcf7-validates-as-required\" aria-required=\"true\" aria-invalid=\"false\" value=\"\" type=\"text\" name=\"your-name\" \/><\/span> <\/label>\n<\/p>\n<p><label> Votre courriel (requis)<br \/>\n<span class=\"wpcf7-form-control-wrap\" data-name=\"your-email\"><input size=\"40\" maxlength=\"400\" class=\"wpcf7-form-control wpcf7-email wpcf7-validates-as-required wpcf7-text wpcf7-validates-as-email\" aria-required=\"true\" aria-invalid=\"false\" value=\"\" type=\"email\" name=\"your-email\" \/><\/span> <\/label>\n<\/p>\n<p><label> Sujet<br \/>\n<span class=\"wpcf7-form-control-wrap\" data-name=\"your-subject\"><input size=\"40\" maxlength=\"400\" class=\"wpcf7-form-control wpcf7-text\" aria-invalid=\"false\" value=\"\" type=\"text\" name=\"your-subject\" \/><\/span> <\/label>\n<\/p>\n<p><label> Votre Message<br \/>\n<span class=\"wpcf7-form-control-wrap\" data-name=\"your-message\"><textarea cols=\"40\" rows=\"10\" maxlength=\"2000\" class=\"wpcf7-form-control wpcf7-textarea\" aria-invalid=\"false\" name=\"your-message\"><\/textarea><\/span> <\/label>\n<\/p>\n<p><input class=\"wpcf7-form-control wpcf7-submit has-spinner\" type=\"submit\" value=\"Envoyer\" \/>\n<\/p><div class=\"wpcf7-response-output\" aria-hidden=\"true\"><\/div>\n<input type=\"hidden\" name=\"trp-form-language\" value=\"english\"\/><\/form>\n<\/div>\n    <\/div>\n<\/div>\n<!-- \/module text -->        <\/div>\n                        <\/div>\n        <\/div>\n        <\/div>\n<!--\/themify_builder_content-->","protected":false},"excerpt":{"rendered":"<p>ISUZU Choisissez votre s\u00e9rie selon vos besoins Serie N essence Serie N diesel Serie F \u00c9crivez-nous, c\u2019est avec plaisir que nous r\u00e9pondrons \u00e0 vos questions.<\/p>","protected":false},"author":1,"featured_media":0,"parent":0,"menu_order":0,"comment_status":"closed","ping_status":"closed","template":"","meta":{"_acf_changed":false,"footnotes":""},"class_list":["post-37","page","type-page","status-publish","hentry","has-post-title","has-post-date","has-post-category","has-post-tag","has-post-comment","has-post-author",""],"acf":[],"yoast_head":"<!-- This site is optimized with the Yoast SEO plugin v26.6 - https:\/\/yoast.com\/wordpress\/plugins\/seo\/ -->\n<title>Isuzu - Par\u00e9 Centre du Camion<\/title>\n<meta name=\"robots\" content=\"index, follow, max-snippet:-1, max-image-preview:large, max-video-preview:-1\" \/>\n<link rel=\"canonical\" href=\"https:\/\/parevolvo.com\/english\/francais\/isuzu\/\" \/>\n<meta property=\"og:locale\" content=\"en_US\" \/>\n<meta property=\"og:type\" content=\"article\" \/>\n<meta property=\"og:title\" content=\"Isuzu - Par\u00e9 Centre du Camion\" \/>\n<meta property=\"og:description\" content=\"ISUZU Choisissez votre s\u00e9rie selon vos besoins Serie N essence Serie N diesel Serie F \u00c9crivez-nous, c\u2019est avec plaisir que nous r\u00e9pondrons \u00e0 vos questions.\" \/>\n<meta property=\"og:url\" content=\"https:\/\/parevolvo.com\/english\/francais\/isuzu\/\" \/>\n<meta property=\"og:site_name\" content=\"Par\u00e9 Centre du Camion\" \/>\n<meta property=\"article:publisher\" content=\"https:\/\/www.facebook.com\/pare.volvoisuzu\" \/>\n<meta property=\"article:modified_time\" content=\"2021-08-03T14:18:48+00:00\" \/>\n<meta name=\"twitter:card\" content=\"summary_large_image\" \/>\n<script type=\"application\/ld+json\" class=\"yoast-schema-graph\">{\"@context\":\"https:\/\/schema.org\",\"@graph\":[{\"@type\":\"WebPage\",\"@id\":\"https:\/\/parevolvo.com\/francais\/isuzu\/\",\"url\":\"https:\/\/parevolvo.com\/francais\/isuzu\/\",\"name\":\"Isuzu - Par\u00e9 Centre du Camion\",\"isPartOf\":{\"@id\":\"https:\/\/parevolvo.com\/francais\/#website\"},\"datePublished\":\"2020-03-18T15:09:26+00:00\",\"dateModified\":\"2021-08-03T14:18:48+00:00\",\"breadcrumb\":{\"@id\":\"https:\/\/parevolvo.com\/francais\/isuzu\/#breadcrumb\"},\"inLanguage\":\"en-CA\",\"potentialAction\":[{\"@type\":\"ReadAction\",\"target\":[\"https:\/\/parevolvo.com\/francais\/isuzu\/\"]}]},{\"@type\":\"BreadcrumbList\",\"@id\":\"https:\/\/parevolvo.com\/francais\/isuzu\/#breadcrumb\",\"itemListElement\":[{\"@type\":\"ListItem\",\"position\":1,\"name\":\"Accueil\",\"item\":\"https:\/\/parevolvo.com\/fr\/\"},{\"@type\":\"ListItem\",\"position\":2,\"name\":\"Isuzu\"}]},{\"@type\":\"WebSite\",\"@id\":\"https:\/\/parevolvo.com\/francais\/#website\",\"url\":\"https:\/\/parevolvo.com\/francais\/\",\"name\":\"Par\u00e9 Centre du Camion\",\"description\":\"1 888 833-5388\",\"publisher\":{\"@id\":\"https:\/\/parevolvo.com\/francais\/#organization\"},\"potentialAction\":[{\"@type\":\"SearchAction\",\"target\":{\"@type\":\"EntryPoint\",\"urlTemplate\":\"https:\/\/parevolvo.com\/francais\/?s={search_term_string}\"},\"query-input\":{\"@type\":\"PropertyValueSpecification\",\"valueRequired\":true,\"valueName\":\"search_term_string\"}}],\"inLanguage\":\"en-CA\"},{\"@type\":\"Organization\",\"@id\":\"https:\/\/parevolvo.com\/francais\/#organization\",\"name\":\"Par\u00e9 Centre du Camion\",\"url\":\"https:\/\/parevolvo.com\/francais\/\",\"logo\":{\"@type\":\"ImageObject\",\"inLanguage\":\"en-CA\",\"@id\":\"https:\/\/parevolvo.com\/francais\/#\/schema\/logo\/image\/\",\"url\":\"https:\/\/parevolvo.com\/wp-content\/uploads\/2022\/04\/Logo-Pare-Header-e1651006453327.png\",\"contentUrl\":\"https:\/\/parevolvo.com\/wp-content\/uploads\/2022\/04\/Logo-Pare-Header-e1651006453327.png\",\"width\":250,\"height\":135,\"caption\":\"Par\u00e9 Centre du Camion\"},\"image\":{\"@id\":\"https:\/\/parevolvo.com\/francais\/#\/schema\/logo\/image\/\"},\"sameAs\":[\"https:\/\/www.facebook.com\/pare.volvoisuzu\"]}]}<\/script>\n<!-- \/ Yoast SEO plugin. -->","yoast_head_json":{"title":"Isuzu - Par\u00e9 Centre du Camion","robots":{"index":"index","follow":"follow","max-snippet":"max-snippet:-1","max-image-preview":"max-image-preview:large","max-video-preview":"max-video-preview:-1"},"canonical":"https:\/\/parevolvo.com\/english\/francais\/isuzu\/","og_locale":"en_US","og_type":"article","og_title":"Isuzu - Par\u00e9 Centre du Camion","og_description":"ISUZU Choisissez votre s\u00e9rie selon vos besoins Serie N essence Serie N diesel Serie F \u00c9crivez-nous, c\u2019est avec plaisir que nous r\u00e9pondrons \u00e0 vos questions.","og_url":"https:\/\/parevolvo.com\/english\/francais\/isuzu\/","og_site_name":"Par\u00e9 Centre du Camion","article_publisher":"https:\/\/www.facebook.com\/pare.volvoisuzu","article_modified_time":"2021-08-03T14:18:48+00:00","twitter_card":"summary_large_image","schema":{"@context":"https:\/\/schema.org","@graph":[{"@type":"WebPage","@id":"https:\/\/parevolvo.com\/francais\/isuzu\/","url":"https:\/\/parevolvo.com\/francais\/isuzu\/","name":"Isuzu - Par\u00e9 Centre du Camion","isPartOf":{"@id":"https:\/\/parevolvo.com\/francais\/#website"},"datePublished":"2020-03-18T15:09:26+00:00","dateModified":"2021-08-03T14:18:48+00:00","breadcrumb":{"@id":"https:\/\/parevolvo.com\/francais\/isuzu\/#breadcrumb"},"inLanguage":"en-CA","potentialAction":[{"@type":"ReadAction","target":["https:\/\/parevolvo.com\/francais\/isuzu\/"]}]},{"@type":"BreadcrumbList","@id":"https:\/\/parevolvo.com\/francais\/isuzu\/#breadcrumb","itemListElement":[{"@type":"ListItem","position":1,"name":"Accueil","item":"https:\/\/parevolvo.com\/fr\/"},{"@type":"ListItem","position":2,"name":"Isuzu"}]},{"@type":"WebSite","@id":"https:\/\/parevolvo.com\/francais\/#website","url":"https:\/\/parevolvo.com\/francais\/","name":"Par\u00e9 Centre du Camion","description":"1 888 833-5388","publisher":{"@id":"https:\/\/parevolvo.com\/francais\/#organization"},"potentialAction":[{"@type":"SearchAction","target":{"@type":"EntryPoint","urlTemplate":"https:\/\/parevolvo.com\/francais\/?s={search_term_string}"},"query-input":{"@type":"PropertyValueSpecification","valueRequired":true,"valueName":"search_term_string"}}],"inLanguage":"en-CA"},{"@type":"Organization","@id":"https:\/\/parevolvo.com\/francais\/#organization","name":"Par\u00e9 Centre du Camion","url":"https:\/\/parevolvo.com\/francais\/","logo":{"@type":"ImageObject","inLanguage":"en-CA","@id":"https:\/\/parevolvo.com\/francais\/#\/schema\/logo\/image\/","url":"https:\/\/parevolvo.com\/wp-content\/uploads\/2022\/04\/Logo-Pare-Header-e1651006453327.png","contentUrl":"https:\/\/parevolvo.com\/wp-content\/uploads\/2022\/04\/Logo-Pare-Header-e1651006453327.png","width":250,"height":135,"caption":"Par\u00e9 Centre du Camion"},"image":{"@id":"https:\/\/parevolvo.com\/francais\/#\/schema\/logo\/image\/"},"sameAs":["https:\/\/www.facebook.com\/pare.volvoisuzu"]}]}},"jetpack_sharing_enabled":true,"builder_content":"<h1>ISUZU<\/h1>\n<h2>Choisissez votre s\u00e9rie selon vos besoins<\/h2>\n<a href=\"http:\/\/parevolvo.com\/isuzu-serie-n-essence\/\" > Serie N essence <\/a>\n<a href=\"http:\/\/parevolvo.com\/isuzu-serie-n-diesel\/\" > Serie N diesel <\/a>\n<a href=\"http:\/\/parevolvo.com\/isuzu-serie-f\/\" > Serie F <\/a>\n<h1>\u00c9crivez-nous, c\u2019est avec plaisir que nous r\u00e9pondrons \u00e0 vos questions.<\/h1>\n<p>[contact-form-7 id=\"10\" title=\"Formulaire de contact 1\"]<\/p>","_links":{"self":[{"href":"http:\/\/parevolvo.com\/english\/wp-json\/wp\/v2\/pages\/37","targetHints":{"allow":["GET"]}}],"collection":[{"href":"http:\/\/parevolvo.com\/english\/wp-json\/wp\/v2\/pages"}],"about":[{"href":"http:\/\/parevolvo.com\/english\/wp-json\/wp\/v2\/types\/page"}],"author":[{"embeddable":true,"href":"http:\/\/parevolvo.com\/english\/wp-json\/wp\/v2\/users\/1"}],"replies":[{"embeddable":true,"href":"http:\/\/parevolvo.com\/english\/wp-json\/wp\/v2\/comments?post=37"}],"version-history":[{"count":19,"href":"http:\/\/parevolvo.com\/english\/wp-json\/wp\/v2\/pages\/37\/revisions"}],"predecessor-version":[{"id":895,"href":"http:\/\/parevolvo.com\/english\/wp-json\/wp\/v2\/pages\/37\/revisions\/895"}],"wp:attachment":[{"href":"http:\/\/parevolvo.com\/english\/wp-json\/wp\/v2\/media?parent=37"}],"curies":[{"name":"wp","href":"https:\/\/api.w.org\/{rel}","templated":true}]}}