{"id":3,"date":"2020-03-17T13:37:24","date_gmt":"2020-03-17T13:37:24","guid":{"rendered":"https:\/\/parevolvo.com\/?page_id=3"},"modified":"2023-10-17T15:00:41","modified_gmt":"2023-10-17T19:00:41","slug":"pc","status":"publish","type":"page","link":"http:\/\/parevolvo.com\/english\/pc\/","title":{"rendered":"POLITIQUE DE CONFIDENTIALIT\u00c9"},"content":{"rendered":"<p><\/p><!--themify_builder_content-->\n<div id=\"themify_builder_content-3\" data-postid=\"3\" class=\"themify_builder_content themify_builder_content-3 themify_builder tf_clear\">\n                    <div  data-lazy=\"1\" class=\"module_row themify_builder_row tb_555u631 tb_first tf_w\">\n                        <div class=\"row_inner col_align_top tb_col_count_1 tf_box tf_rel\">\n                        <div  data-lazy=\"1\" class=\"module_column tb-column col-full tb_nchy632 first\">\n                            <div  data-lazy=\"1\" class=\"module_subrow themify_builder_sub_row tf_w col_align_bottom tb_col_count_2 tb_0tdu459\">\n                <div  data-lazy=\"1\" class=\"module_column sub_column col4-2 tb_iglh459 first\">\n                    <!-- module fancy heading -->\n<div  class=\"module module-fancy-heading tb_ft91617\" data-lazy=\"1\">\n        <h1 class=\"fancy-heading tf_textl\">\n    <span class=\"main-head tf_block\">\n                    Politique de confidentialit\u00e9            <\/span>\n\n    \n    <span class=\"sub-head tf_block tf_rel\">\n                    parevolvo.com            <\/span>\n    <\/h1>\n<\/div>\n<!-- \/module fancy heading -->\n        <\/div>\n                    <div  data-lazy=\"1\" class=\"module_column sub_column col4-2 tb_l3kc459 last\">\n                    <!-- module text -->\n<div  class=\"module module-text tb_9kny756\" data-lazy=\"1\">\n        <div  class=\"tb_text_wrap\">\n        <p>La personne responsable de la protection des renseignements personnels \u00e0 Par\u00e9 Centre du Camion est Marie-Claude Par\u00e9, Vice-pr\u00e9sidente et Directrice G\u00e9n\u00e9rale. Vous pouvez la joindre au 418-833-1601 poste 1229 ou \u00e0 l\u2019adresse <a href=\"mailto:marie-claude.pare@parevolvo.com\">marie-claude.pare@parevolvo.com<\/a><\/p>    <\/div>\n<\/div>\n<!-- \/module text -->        <\/div>\n                    <\/div>\n                <\/div>\n                        <\/div>\n        <\/div>\n                        <div  data-lazy=\"1\" class=\"module_row themify_builder_row tb_bhs9206 tf_w\">\n                        <div class=\"row_inner col_align_top tb_col_count_1 tf_box tf_rel\">\n                        <div  data-lazy=\"1\" class=\"module_column tb-column col-full tb_f77h207 first\">\n                    <!-- module text -->\n<div  class=\"module module-text tb_z7am965\" data-lazy=\"1\">\n        <div  class=\"tb_text_wrap\">\n        <p class=\"MsoNoSpacing\"><span lang=\"FR-CA\">Par\u00e9 Centre du Camion (\u00ab nous \u00bb et \u00ab notre \u00bb) tient \u00e0 vous informer de l\u2019usage que nous faisons des renseignements personnels que nous recueillons lorsque vous visitez notre site Web dont l\u2019adresse est parevolvo.com (le \u00ab Site Web \u00bb). Par cons\u00e9quent, la pr\u00e9sente politique de confidentialit\u00e9 relative au Site Web d\u00e9finit la fa\u00e7on dont nous recueillons, utilisons, divulguons et traitons les renseignements personnels que vous nous communiquez.<\/span><\/p>\n<h5 style=\"mso-element: para-border-div; border: none; border-bottom: solid windowtext 1.0pt; mso-border-bottom-alt: solid windowtext .75pt; padding: 0cm 0cm 1.0pt 0cm;\"><span lang=\"FR-CA\">CUEILLETTE DE L\u2019INFORMATION PERSONNELLE<\/span><\/h5>\n<p class=\"MsoNoSpacing\"><span lang=\"FR-CA\">Nous pouvons recueillir automatiquement des renseignements anonymes g\u00e9n\u00e9raux relatifs \u00e0 votre utilisation de notre site Web, tels que la date et l\u2019heure de votre visite du site Web et les pages du site Web que vous consultez. Nos serveurs peuvent aussi recueillir des renseignements sur le type de fureteur que vous utilisez, de m\u00eame que l\u2019adresse IP de votre ordinateur et le nom de votre fournisseur de service Internet. La technologie utilis\u00e9e pour recueillir les t\u00e9moins de connexion est fournie par le fureteur que vous utilisez et les t\u00e9moins sont conserv\u00e9s dans notre ordinateur. Vous pouvez r\u00e9gler votre fureteur pour d\u00e9sactiver ou refuser les \u00ab t\u00e9moins de connexion \u00bb, m\u00eame si cela peut affecter votre visualisation du site Web.<\/span><\/p>\n<div style=\"mso-element: para-border-div; border: none; border-bottom: solid windowtext 1.0pt; mso-border-bottom-alt: solid windowtext .75pt; padding: 0cm 0cm 1.0pt 0cm;\">\n<h5><span lang=\"FR-CA\">UTILISATION DES RENSEIGNEMENTS PERSONNELS<\/span><\/h5>\n<\/div>\n<p class=\"MsoNoSpacing\"><span lang=\"FR-CA\">Tout renseignement personnel fourni lorsque vous soumettez du contenu \u00e0 notre site Web n\u2019est utilis\u00e9 qu\u2019aux fins suivantes : (i) maintien du registre interne ; (ii) identification de l\u2019auteur des demandes soumises au site Web; (iii) vous fournir les services offerts par notre site Web; (iv) nous permettre de vous contacter lorsque vous postulez \u00e0 une offre d\u2019emploi. Les donn\u00e9es d\u2019utilisation que nous recueillons sont utilis\u00e9es \u00e0 des fins de contr\u00f4le et d\u2019am\u00e9lioration de l\u2019utilisation et des caract\u00e9ristiques de notre site Web.<\/span><\/p>\n<div style=\"mso-element: para-border-div; border: none; border-bottom: solid windowtext 1.0pt; mso-border-bottom-alt: solid windowtext .75pt; padding: 0cm 0cm 1.0pt 0cm;\">\n<h5><span lang=\"FR-CA\">LIENS<\/span><\/h5>\n<\/div>\n<p class=\"MsoNoSpacing\"><span lang=\"FR-CA\">Notre site Web peut contenir un lien vers d\u2019autres sites Web. Nous ne sommes pas les administrateurs de ces autres sites Web. Veuillez consulter la politique de confidentialit\u00e9 des autres sites Web, le cas \u00e9ch\u00e9ant, pour obtenir des pr\u00e9cisions sur le traitement des renseignements personnels.<\/span><\/p>\n<div style=\"mso-element: para-border-div; border: none; border-bottom: solid windowtext 1.0pt; mso-border-bottom-alt: solid windowtext .75pt; padding: 0cm 0cm 1.0pt 0cm;\">\n<h5><span lang=\"FR-CA\">DIVULGATION DES RENSEIGNEMENTS PERSONNELS<\/span><\/h5>\n<\/div>\n<p class=\"MsoNoSpacing\"><span lang=\"FR-CA\">Sauf dans les cas sp\u00e9cifi\u00e9s dans la pr\u00e9sente politique de confidentialit\u00e9 de notre site Web, nous ne transf\u00e9rerons, ne vendrons ou ne divulguerons de quelque mani\u00e8re que ce soit aucun de vos renseignements personnels \u00e0 aucune tierce partie sans avoir pr\u00e9alablement obtenu votre consentement \u00e9crit. <\/span><\/p>\n<div style=\"mso-element: para-border-div; border: none; border-bottom: solid windowtext 1.0pt; mso-border-bottom-alt: solid windowtext .75pt; padding: 0cm 0cm 1.0pt 0cm;\">\n<h5><span lang=\"FR-CA\">L\u00c9GAL<\/span><\/h5>\n<\/div>\n<p class=\"MsoNoSpacing\"><span lang=\"FR-CA\">Nous sommes oblig\u00e9s de divulguer vos renseignements personnels en r\u00e9ponse \u00e0 un mandat de perquisition ou \u00e0 tout autre type d\u2019enqu\u00eate d\u2019ordre l\u00e9gal, ou \u00e0 un organisme d\u2019enqu\u00eate advenant un bris d\u2019entente ou une violation de la loi, ou suivant toute autre requ\u00eate l\u00e9gale. Nous pouvons \u00e9galement divulguer des renseignements sp\u00e9cifiques sur l\u2019utilisateur si nous croyons que cette divulgation est n\u00e9cessaire pour prot\u00e9ger nos int\u00e9r\u00eats ou notre s\u00e9curit\u00e9, nos utilisateurs et d\u2019autres parties.<\/span><\/p>\n<div style=\"mso-element: para-border-div; border: none; border-bottom: solid windowtext 1.0pt; mso-border-bottom-alt: solid windowtext .75pt; padding: 0cm 0cm 1.0pt 0cm;\">\n<h5><span lang=\"FR-CA\">S\u00c9CURIT\u00c9 DES RENSEIGNEMENTS PERSONNELS<\/span><\/h5>\n<\/div>\n<p class=\"MsoNoSpacing\"><span lang=\"FR-CA\">Pour prot\u00e9ger la confidentialit\u00e9 de vos renseignements personnels, nous maintenons des mesures de protection administratives, techniques et mat\u00e9rielles pour pr\u00e9venir l\u2019acc\u00e8s, l\u2019utilisation, la modification et la divulgation non autoris\u00e9s des renseignements personnels sous notre garde et notre contr\u00f4le. Nous ne conserverons les renseignements personnels que dans la mesure o\u00f9 ils demeurent n\u00e9cessaires ou pertinents aux fins mentionn\u00e9es ci-dessus ou conform\u00e9ment aux exigences de la loi. Nonobstant ce qui pr\u00e9c\u00e8de et malheureusement, vous devriez savoir que nulle transmission de donn\u00e9es par le biais de l\u2019Internet ne peut \u00eatre totalement garantie ou s\u00fbre. Cons\u00e9quemment, nous ne pouvons affirmer, justifier ni garantir que vos renseignements personnels seront prot\u00e9g\u00e9s contre la perte, le mauvais usage ou la modification en cours de transmission, et nous n\u2019acceptons aucune responsabilit\u00e9 concernant les renseignements personnels transmis par vous dont de tierces parties pourraient faire usage ou mauvais usage si les renseignements personnels \u00e9taient intercept\u00e9s en cours de transmission par le biais de l\u2019Internet.<\/span><\/p>\n<div style=\"mso-element: para-border-div; border: none; border-bottom: solid windowtext 1.0pt; mso-border-bottom-alt: solid windowtext .75pt; padding: 0cm 0cm 1.0pt 0cm;\">\n<h5><span lang=\"FR-CA\">AMENDEMENTS \u00c0 LA POLITIQUE DE CONFIDENTIALIT\u00c9 DU SITE WEB<\/span><\/h5>\n<\/div>\n<p class=\"MsoNoSpacing\"><span lang=\"FR-CA\">Nous nous r\u00e9servons le droit d\u2019amender la pr\u00e9sente politique de confidentialit\u00e9 en tout temps et sans pr\u00e9avis.<\/span><\/p>\n<div style=\"mso-element: para-border-div; border: none; border-bottom: solid windowtext 1.0pt; mso-border-bottom-alt: solid windowtext .75pt; padding: 0cm 0cm 1.0pt 0cm;\">\n<h5><span lang=\"FR-CA\">CONTACTS<\/span><\/h5>\n<\/div>\n<p class=\"MsoNoSpacing\"><span lang=\"FR-CA\">Si vous souhaitez revoir, corriger ou mettre \u00e0 jour vos renseignements personnels, refuser qu\u2019ils soient recueillis, utilis\u00e9s et\/ou divulgu\u00e9s, acc\u00e9der ou corriger tout renseignement personnel que nous avons en notre possession, ou si vous avez des questions ou commentaires sur cette politique de confidentialit\u00e9 du site Web, veuillez communiquer avec nous \u00e0 l\u2019adresse suivante : <a href=\"mailto:communication@parevolvo.com\">communication@parevolvo.com<\/a><br><br>Date de r\u00e9vision 17 octobre 2023<\/span><\/p>    <\/div>\n<\/div>\n<!-- \/module text -->        <\/div>\n                        <\/div>\n        <\/div>\n                        <div  data-lazy=\"1\" class=\"module_row themify_builder_row tb_399b445 tf_w\">\n                        <div class=\"row_inner col_align_top tb_col_count_1 tf_box tf_rel\">\n                        <div  data-lazy=\"1\" class=\"module_column tb-column col-full tb_ahgg446 first\">\n                            <\/div>\n                        <\/div>\n        <\/div>\n        <\/div>\n<!--\/themify_builder_content-->","protected":false},"excerpt":{"rendered":"<p>Politique de confidentialit\u00e9parevolvo.com La personne responsable de la protection des renseignements personnels \u00e0 Par\u00e9 Centre du Camion est Marie-Claude Par\u00e9, Vice-pr\u00e9sidente et Directrice G\u00e9n\u00e9rale. Vous pouvez la joindre au 418-833-1601 poste 1229 ou \u00e0 l\u2019adresse marie-claude.pare@parevolvo.com Par\u00e9 Centre du Camion (\u00ab nous \u00bb et \u00ab notre \u00bb) tient \u00e0 vous informer de l\u2019usage que nous [&hellip;]<\/p>","protected":false},"author":1,"featured_media":0,"parent":0,"menu_order":0,"comment_status":"closed","ping_status":"open","template":"","meta":{"_acf_changed":false,"footnotes":""},"class_list":["post-3","page","type-page","status-publish","hentry","has-post-title","has-post-date","has-post-category","has-post-tag","has-post-comment","has-post-author",""],"acf":[],"yoast_head":"<!-- This site is optimized with the Yoast SEO plugin v26.6 - https:\/\/yoast.com\/wordpress\/plugins\/seo\/ -->\n<title>POLITIQUE DE CONFIDENTIALIT\u00c9 - Par\u00e9 Centre du Camion<\/title>\n<meta name=\"robots\" content=\"index, follow, max-snippet:-1, max-image-preview:large, max-video-preview:-1\" \/>\n<link rel=\"canonical\" href=\"https:\/\/parevolvo.com\/english\/pc\/\" \/>\n<meta property=\"og:locale\" content=\"en_US\" \/>\n<meta property=\"og:type\" content=\"article\" \/>\n<meta property=\"og:title\" content=\"POLITIQUE DE CONFIDENTIALIT\u00c9 - Par\u00e9 Centre du Camion\" \/>\n<meta property=\"og:description\" content=\"Politique de confidentialit\u00e9parevolvo.com La personne responsable de la protection des renseignements personnels \u00e0 Par\u00e9 Centre du Camion est Marie-Claude Par\u00e9, Vice-pr\u00e9sidente et Directrice G\u00e9n\u00e9rale. Vous pouvez la joindre au 418-833-1601 poste 1229 ou \u00e0 l\u2019adresse marie-claude.pare@parevolvo.com Par\u00e9 Centre du Camion (\u00ab nous \u00bb et \u00ab notre \u00bb) tient \u00e0 vous informer de l\u2019usage que nous [&hellip;]\" \/>\n<meta property=\"og:url\" content=\"https:\/\/parevolvo.com\/english\/pc\/\" \/>\n<meta property=\"og:site_name\" content=\"Par\u00e9 Centre du Camion\" \/>\n<meta property=\"article:publisher\" content=\"https:\/\/www.facebook.com\/pare.volvoisuzu\" \/>\n<meta property=\"article:modified_time\" content=\"2023-10-17T19:00:41+00:00\" \/>\n<meta name=\"twitter:card\" content=\"summary_large_image\" \/>\n<script type=\"application\/ld+json\" class=\"yoast-schema-graph\">{\"@context\":\"https:\/\/schema.org\",\"@graph\":[{\"@type\":\"WebPage\",\"@id\":\"https:\/\/parevolvo.com\/pc\/\",\"url\":\"https:\/\/parevolvo.com\/pc\/\",\"name\":\"POLITIQUE DE CONFIDENTIALIT\u00c9 - Par\u00e9 Centre du Camion\",\"isPartOf\":{\"@id\":\"https:\/\/parevolvo.com\/francais\/#website\"},\"datePublished\":\"2020-03-17T13:37:24+00:00\",\"dateModified\":\"2023-10-17T19:00:41+00:00\",\"breadcrumb\":{\"@id\":\"https:\/\/parevolvo.com\/pc\/#breadcrumb\"},\"inLanguage\":\"en-CA\",\"potentialAction\":[{\"@type\":\"ReadAction\",\"target\":[\"https:\/\/parevolvo.com\/pc\/\"]}]},{\"@type\":\"BreadcrumbList\",\"@id\":\"https:\/\/parevolvo.com\/pc\/#breadcrumb\",\"itemListElement\":[{\"@type\":\"ListItem\",\"position\":1,\"name\":\"Accueil\",\"item\":\"https:\/\/parevolvo.com\/fr\/\"},{\"@type\":\"ListItem\",\"position\":2,\"name\":\"POLITIQUE DE CONFIDENTIALIT\u00c9\"}]},{\"@type\":\"WebSite\",\"@id\":\"https:\/\/parevolvo.com\/francais\/#website\",\"url\":\"https:\/\/parevolvo.com\/francais\/\",\"name\":\"Par\u00e9 Centre du Camion\",\"description\":\"1 888 833-5388\",\"publisher\":{\"@id\":\"https:\/\/parevolvo.com\/francais\/#organization\"},\"potentialAction\":[{\"@type\":\"SearchAction\",\"target\":{\"@type\":\"EntryPoint\",\"urlTemplate\":\"https:\/\/parevolvo.com\/francais\/?s={search_term_string}\"},\"query-input\":{\"@type\":\"PropertyValueSpecification\",\"valueRequired\":true,\"valueName\":\"search_term_string\"}}],\"inLanguage\":\"en-CA\"},{\"@type\":\"Organization\",\"@id\":\"https:\/\/parevolvo.com\/francais\/#organization\",\"name\":\"Par\u00e9 Centre du Camion\",\"url\":\"https:\/\/parevolvo.com\/francais\/\",\"logo\":{\"@type\":\"ImageObject\",\"inLanguage\":\"en-CA\",\"@id\":\"https:\/\/parevolvo.com\/francais\/#\/schema\/logo\/image\/\",\"url\":\"https:\/\/parevolvo.com\/wp-content\/uploads\/2022\/04\/Logo-Pare-Header-e1651006453327.png\",\"contentUrl\":\"https:\/\/parevolvo.com\/wp-content\/uploads\/2022\/04\/Logo-Pare-Header-e1651006453327.png\",\"width\":250,\"height\":135,\"caption\":\"Par\u00e9 Centre du Camion\"},\"image\":{\"@id\":\"https:\/\/parevolvo.com\/francais\/#\/schema\/logo\/image\/\"},\"sameAs\":[\"https:\/\/www.facebook.com\/pare.volvoisuzu\"]}]}<\/script>\n<!-- \/ Yoast SEO plugin. -->","yoast_head_json":{"title":"POLITIQUE DE CONFIDENTIALIT\u00c9 - Par\u00e9 Centre du Camion","robots":{"index":"index","follow":"follow","max-snippet":"max-snippet:-1","max-image-preview":"max-image-preview:large","max-video-preview":"max-video-preview:-1"},"canonical":"https:\/\/parevolvo.com\/english\/pc\/","og_locale":"en_US","og_type":"article","og_title":"POLITIQUE DE CONFIDENTIALIT\u00c9 - Par\u00e9 Centre du Camion","og_description":"Politique de confidentialit\u00e9parevolvo.com La personne responsable de la protection des renseignements personnels \u00e0 Par\u00e9 Centre du Camion est Marie-Claude Par\u00e9, Vice-pr\u00e9sidente et Directrice G\u00e9n\u00e9rale. Vous pouvez la joindre au 418-833-1601 poste 1229 ou \u00e0 l\u2019adresse marie-claude.pare@parevolvo.com Par\u00e9 Centre du Camion (\u00ab nous \u00bb et \u00ab notre \u00bb) tient \u00e0 vous informer de l\u2019usage que nous [&hellip;]","og_url":"https:\/\/parevolvo.com\/english\/pc\/","og_site_name":"Par\u00e9 Centre du Camion","article_publisher":"https:\/\/www.facebook.com\/pare.volvoisuzu","article_modified_time":"2023-10-17T19:00:41+00:00","twitter_card":"summary_large_image","schema":{"@context":"https:\/\/schema.org","@graph":[{"@type":"WebPage","@id":"https:\/\/parevolvo.com\/pc\/","url":"https:\/\/parevolvo.com\/pc\/","name":"POLITIQUE DE CONFIDENTIALIT\u00c9 - Par\u00e9 Centre du Camion","isPartOf":{"@id":"https:\/\/parevolvo.com\/francais\/#website"},"datePublished":"2020-03-17T13:37:24+00:00","dateModified":"2023-10-17T19:00:41+00:00","breadcrumb":{"@id":"https:\/\/parevolvo.com\/pc\/#breadcrumb"},"inLanguage":"en-CA","potentialAction":[{"@type":"ReadAction","target":["https:\/\/parevolvo.com\/pc\/"]}]},{"@type":"BreadcrumbList","@id":"https:\/\/parevolvo.com\/pc\/#breadcrumb","itemListElement":[{"@type":"ListItem","position":1,"name":"Accueil","item":"https:\/\/parevolvo.com\/fr\/"},{"@type":"ListItem","position":2,"name":"POLITIQUE DE CONFIDENTIALIT\u00c9"}]},{"@type":"WebSite","@id":"https:\/\/parevolvo.com\/francais\/#website","url":"https:\/\/parevolvo.com\/francais\/","name":"Par\u00e9 Centre du Camion","description":"1 888 833-5388","publisher":{"@id":"https:\/\/parevolvo.com\/francais\/#organization"},"potentialAction":[{"@type":"SearchAction","target":{"@type":"EntryPoint","urlTemplate":"https:\/\/parevolvo.com\/francais\/?s={search_term_string}"},"query-input":{"@type":"PropertyValueSpecification","valueRequired":true,"valueName":"search_term_string"}}],"inLanguage":"en-CA"},{"@type":"Organization","@id":"https:\/\/parevolvo.com\/francais\/#organization","name":"Par\u00e9 Centre du Camion","url":"https:\/\/parevolvo.com\/francais\/","logo":{"@type":"ImageObject","inLanguage":"en-CA","@id":"https:\/\/parevolvo.com\/francais\/#\/schema\/logo\/image\/","url":"https:\/\/parevolvo.com\/wp-content\/uploads\/2022\/04\/Logo-Pare-Header-e1651006453327.png","contentUrl":"https:\/\/parevolvo.com\/wp-content\/uploads\/2022\/04\/Logo-Pare-Header-e1651006453327.png","width":250,"height":135,"caption":"Par\u00e9 Centre du Camion"},"image":{"@id":"https:\/\/parevolvo.com\/francais\/#\/schema\/logo\/image\/"},"sameAs":["https:\/\/www.facebook.com\/pare.volvoisuzu"]}]}},"jetpack_sharing_enabled":true,"builder_content":"<h1>Politique de confidentialit\u00e9<br\/>parevolvo.com<\/h1>\n<p>La personne responsable de la protection des renseignements personnels \u00e0 Par\u00e9 Centre du Camion est Marie-Claude Par\u00e9, Vice-pr\u00e9sidente et Directrice G\u00e9n\u00e9rale. Vous pouvez la joindre au 418-833-1601 poste 1229 ou \u00e0 l\u2019adresse <a href=\"mailto:marie-claude.pare@parevolvo.com\">marie-claude.pare@parevolvo.com<\/a><\/p>\n<p>Par\u00e9 Centre du Camion (\u00ab nous \u00bb et \u00ab notre \u00bb) tient \u00e0 vous informer de l\u2019usage que nous faisons des renseignements personnels que nous recueillons lorsque vous visitez notre site Web dont l\u2019adresse est parevolvo.com (le \u00ab Site Web \u00bb). Par cons\u00e9quent, la pr\u00e9sente politique de confidentialit\u00e9 relative au Site Web d\u00e9finit la fa\u00e7on dont nous recueillons, utilisons, divulguons et traitons les renseignements personnels que vous nous communiquez.<\/p> <h5 style=\"mso-element: para-border-div; border: none; border-bottom: solid windowtext 1.0pt; mso-border-bottom-alt: solid windowtext .75pt; padding: 0cm 0cm 1.0pt 0cm;\">CUEILLETTE DE L\u2019INFORMATION PERSONNELLE<\/h5> <p>Nous pouvons recueillir automatiquement des renseignements anonymes g\u00e9n\u00e9raux relatifs \u00e0 votre utilisation de notre site Web, tels que la date et l\u2019heure de votre visite du site Web et les pages du site Web que vous consultez. Nos serveurs peuvent aussi recueillir des renseignements sur le type de fureteur que vous utilisez, de m\u00eame que l\u2019adresse IP de votre ordinateur et le nom de votre fournisseur de service Internet. La technologie utilis\u00e9e pour recueillir les t\u00e9moins de connexion est fournie par le fureteur que vous utilisez et les t\u00e9moins sont conserv\u00e9s dans notre ordinateur. Vous pouvez r\u00e9gler votre fureteur pour d\u00e9sactiver ou refuser les \u00ab t\u00e9moins de connexion \u00bb, m\u00eame si cela peut affecter votre visualisation du site Web.<\/p>\n<h5>UTILISATION DES RENSEIGNEMENTS PERSONNELS<\/h5>\n<p>Tout renseignement personnel fourni lorsque vous soumettez du contenu \u00e0 notre site Web n\u2019est utilis\u00e9 qu\u2019aux fins suivantes : (i) maintien du registre interne ; (ii) identification de l\u2019auteur des demandes soumises au site Web; (iii) vous fournir les services offerts par notre site Web; (iv) nous permettre de vous contacter lorsque vous postulez \u00e0 une offre d\u2019emploi. Les donn\u00e9es d\u2019utilisation que nous recueillons sont utilis\u00e9es \u00e0 des fins de contr\u00f4le et d\u2019am\u00e9lioration de l\u2019utilisation et des caract\u00e9ristiques de notre site Web.<\/p>\n<h5>LIENS<\/h5>\n<p>Notre site Web peut contenir un lien vers d\u2019autres sites Web. Nous ne sommes pas les administrateurs de ces autres sites Web. Veuillez consulter la politique de confidentialit\u00e9 des autres sites Web, le cas \u00e9ch\u00e9ant, pour obtenir des pr\u00e9cisions sur le traitement des renseignements personnels.<\/p>\n<h5>DIVULGATION DES RENSEIGNEMENTS PERSONNELS<\/h5>\n<p>Sauf dans les cas sp\u00e9cifi\u00e9s dans la pr\u00e9sente politique de confidentialit\u00e9 de notre site Web, nous ne transf\u00e9rerons, ne vendrons ou ne divulguerons de quelque mani\u00e8re que ce soit aucun de vos renseignements personnels \u00e0 aucune tierce partie sans avoir pr\u00e9alablement obtenu votre consentement \u00e9crit. <\/p>\n<h5>L\u00c9GAL<\/h5>\n<p>Nous sommes oblig\u00e9s de divulguer vos renseignements personnels en r\u00e9ponse \u00e0 un mandat de perquisition ou \u00e0 tout autre type d\u2019enqu\u00eate d\u2019ordre l\u00e9gal, ou \u00e0 un organisme d\u2019enqu\u00eate advenant un bris d\u2019entente ou une violation de la loi, ou suivant toute autre requ\u00eate l\u00e9gale. Nous pouvons \u00e9galement divulguer des renseignements sp\u00e9cifiques sur l\u2019utilisateur si nous croyons que cette divulgation est n\u00e9cessaire pour prot\u00e9ger nos int\u00e9r\u00eats ou notre s\u00e9curit\u00e9, nos utilisateurs et d\u2019autres parties.<\/p>\n<h5>S\u00c9CURIT\u00c9 DES RENSEIGNEMENTS PERSONNELS<\/h5>\n<p>Pour prot\u00e9ger la confidentialit\u00e9 de vos renseignements personnels, nous maintenons des mesures de protection administratives, techniques et mat\u00e9rielles pour pr\u00e9venir l\u2019acc\u00e8s, l\u2019utilisation, la modification et la divulgation non autoris\u00e9s des renseignements personnels sous notre garde et notre contr\u00f4le. Nous ne conserverons les renseignements personnels que dans la mesure o\u00f9 ils demeurent n\u00e9cessaires ou pertinents aux fins mentionn\u00e9es ci-dessus ou conform\u00e9ment aux exigences de la loi. Nonobstant ce qui pr\u00e9c\u00e8de et malheureusement, vous devriez savoir que nulle transmission de donn\u00e9es par le biais de l\u2019Internet ne peut \u00eatre totalement garantie ou s\u00fbre. Cons\u00e9quemment, nous ne pouvons affirmer, justifier ni garantir que vos renseignements personnels seront prot\u00e9g\u00e9s contre la perte, le mauvais usage ou la modification en cours de transmission, et nous n\u2019acceptons aucune responsabilit\u00e9 concernant les renseignements personnels transmis par vous dont de tierces parties pourraient faire usage ou mauvais usage si les renseignements personnels \u00e9taient intercept\u00e9s en cours de transmission par le biais de l\u2019Internet.<\/p>\n<h5>AMENDEMENTS \u00c0 LA POLITIQUE DE CONFIDENTIALIT\u00c9 DU SITE WEB<\/h5>\n<p>Nous nous r\u00e9servons le droit d\u2019amender la pr\u00e9sente politique de confidentialit\u00e9 en tout temps et sans pr\u00e9avis.<\/p>\n<h5>CONTACTS<\/h5>\n<p>Si vous souhaitez revoir, corriger ou mettre \u00e0 jour vos renseignements personnels, refuser qu\u2019ils soient recueillis, utilis\u00e9s et\/ou divulgu\u00e9s, acc\u00e9der ou corriger tout renseignement personnel que nous avons en notre possession, ou si vous avez des questions ou commentaires sur cette politique de confidentialit\u00e9 du site Web, veuillez communiquer avec nous \u00e0 l\u2019adresse suivante : <a href=\"mailto:communication@parevolvo.com\">communication@parevolvo.com<\/a><br><br>Date de r\u00e9vision 17 octobre 2023<\/p>","_links":{"self":[{"href":"http:\/\/parevolvo.com\/english\/wp-json\/wp\/v2\/pages\/3","targetHints":{"allow":["GET"]}}],"collection":[{"href":"http:\/\/parevolvo.com\/english\/wp-json\/wp\/v2\/pages"}],"about":[{"href":"http:\/\/parevolvo.com\/english\/wp-json\/wp\/v2\/types\/page"}],"author":[{"embeddable":true,"href":"http:\/\/parevolvo.com\/english\/wp-json\/wp\/v2\/users\/1"}],"replies":[{"embeddable":true,"href":"http:\/\/parevolvo.com\/english\/wp-json\/wp\/v2\/comments?post=3"}],"version-history":[{"count":12,"href":"http:\/\/parevolvo.com\/english\/wp-json\/wp\/v2\/pages\/3\/revisions"}],"predecessor-version":[{"id":1099,"href":"http:\/\/parevolvo.com\/english\/wp-json\/wp\/v2\/pages\/3\/revisions\/1099"}],"wp:attachment":[{"href":"http:\/\/parevolvo.com\/english\/wp-json\/wp\/v2\/media?parent=3"}],"curies":[{"name":"wp","href":"https:\/\/api.w.org\/{rel}","templated":true}]}}